{"id":1052,"date":"2019-01-07T15:16:02","date_gmt":"2019-01-07T13:16:02","guid":{"rendered":"http:\/\/mistifly.bplaced.net\/wordpress\/?page_id=1052"},"modified":"2023-01-19T10:26:05","modified_gmt":"2023-01-19T08:26:05","slug":"2019-2020","status":"publish","type":"page","link":"http:\/\/mistifly.bplaced.net\/wordpress\/bilder\/2019-2020\/","title":{"rendered":"2019-2020"},"content":{"rendered":"<p>Weihnachtskonzert 2019 in Schwarzheide<\/p>\n<div id='gallery-1' class='gallery galleryid-1052 gallery-columns-4 gallery-size-thumbnail'><dl class='gallery-item'>\n\t\t\t<dt class='gallery-icon landscape'>\n\t\t\t\t<a href='http:\/\/mistifly.bplaced.net\/wordpress\/bilder\/2019-2020\/wk_05\/'><img loading=\"lazy\" decoding=\"async\" width=\"150\" height=\"150\" src=\"http:\/\/mistifly.bplaced.net\/wordpress\/wp-content\/uploads\/2019\/01\/WK_05-150x150.jpg\" class=\"attachment-thumbnail size-thumbnail\" alt=\"\" aria-describedby=\"gallery-1-1200\" \/><\/a>\n\t\t\t<\/dt>\n\t\t\t\t<dd class='wp-caption-text gallery-caption' id='gallery-1-1200'>\n\t\t\t\tWeihnachtskonzert 2019\n\t\t\t\t<\/dd><\/dl><dl class='gallery-item'>\n\t\t\t<dt class='gallery-icon landscape'>\n\t\t\t\t<a href='http:\/\/mistifly.bplaced.net\/wordpress\/bilder\/2019-2020\/wk_02\/'><img loading=\"lazy\" decoding=\"async\" width=\"150\" height=\"150\" src=\"http:\/\/mistifly.bplaced.net\/wordpress\/wp-content\/uploads\/2019\/01\/WK_02-150x150.jpg\" class=\"attachment-thumbnail size-thumbnail\" alt=\"\" aria-describedby=\"gallery-1-1199\" \/><\/a>\n\t\t\t<\/dt>\n\t\t\t\t<dd class='wp-caption-text gallery-caption' id='gallery-1-1199'>\n\t\t\t\tWeihnachtskonzert 2019\n\t\t\t\t<\/dd><\/dl><dl class='gallery-item'>\n\t\t\t<dt class='gallery-icon landscape'>\n\t\t\t\t<a href='http:\/\/mistifly.bplaced.net\/wordpress\/bilder\/2019-2020\/wk_06\/'><img loading=\"lazy\" decoding=\"async\" width=\"150\" height=\"150\" src=\"http:\/\/mistifly.bplaced.net\/wordpress\/wp-content\/uploads\/2019\/01\/WK_06-150x150.jpg\" class=\"attachment-thumbnail size-thumbnail\" alt=\"\" aria-describedby=\"gallery-1-1201\" \/><\/a>\n\t\t\t<\/dt>\n\t\t\t\t<dd class='wp-caption-text gallery-caption' id='gallery-1-1201'>\n\t\t\t\tWeihnachtskonzert 2019\n\t\t\t\t<\/dd><\/dl><dl class='gallery-item'>\n\t\t\t<dt class='gallery-icon landscape'>\n\t\t\t\t<a href='http:\/\/mistifly.bplaced.net\/wordpress\/bilder\/2019-2020\/wk_10\/'><img loading=\"lazy\" decoding=\"async\" width=\"150\" height=\"150\" src=\"http:\/\/mistifly.bplaced.net\/wordpress\/wp-content\/uploads\/2019\/01\/WK_10-150x150.jpg\" class=\"attachment-thumbnail size-thumbnail\" alt=\"\" aria-describedby=\"gallery-1-1202\" \/><\/a>\n\t\t\t<\/dt>\n\t\t\t\t<dd class='wp-caption-text gallery-caption' id='gallery-1-1202'>\n\t\t\t\tWeihnachtskonzert 2019\n\t\t\t\t<\/dd><\/dl><br style=\"clear: both\" \/>\n\t\t<\/div>\n\n<p>&nbsp;<\/p>\n<p>26.09.2019 &#8211; Trainingswochenende in Guteborn<\/p>\n<div id='gallery-2' class='gallery galleryid-1052 gallery-columns-4 gallery-size-thumbnail'><dl class='gallery-item'>\n\t\t\t<dt class='gallery-icon landscape'>\n\t\t\t\t<a href='http:\/\/mistifly.bplaced.net\/wordpress\/bilder\/2019-2020\/tw_02\/'><img loading=\"lazy\" decoding=\"async\" width=\"150\" height=\"150\" src=\"http:\/\/mistifly.bplaced.net\/wordpress\/wp-content\/uploads\/2019\/01\/TW_02-150x150.jpg\" class=\"attachment-thumbnail size-thumbnail\" alt=\"\" aria-describedby=\"gallery-2-1195\" \/><\/a>\n\t\t\t<\/dt>\n\t\t\t\t<dd class='wp-caption-text gallery-caption' id='gallery-2-1195'>\n\t\t\t\tTrainingswochenende 2019\n\t\t\t\t<\/dd><\/dl><dl class='gallery-item'>\n\t\t\t<dt class='gallery-icon landscape'>\n\t\t\t\t<a href='http:\/\/mistifly.bplaced.net\/wordpress\/bilder\/2019-2020\/tw_03\/'><img loading=\"lazy\" decoding=\"async\" width=\"150\" height=\"150\" src=\"http:\/\/mistifly.bplaced.net\/wordpress\/wp-content\/uploads\/2019\/01\/TW_03-150x150.jpg\" class=\"attachment-thumbnail size-thumbnail\" alt=\"\" aria-describedby=\"gallery-2-1196\" \/><\/a>\n\t\t\t<\/dt>\n\t\t\t\t<dd class='wp-caption-text gallery-caption' id='gallery-2-1196'>\n\t\t\t\tTrainingswochenende 2019\n\t\t\t\t<\/dd><\/dl><dl class='gallery-item'>\n\t\t\t<dt class='gallery-icon landscape'>\n\t\t\t\t<a href='http:\/\/mistifly.bplaced.net\/wordpress\/bilder\/2019-2020\/tw_01\/'><img loading=\"lazy\" decoding=\"async\" width=\"150\" height=\"150\" src=\"http:\/\/mistifly.bplaced.net\/wordpress\/wp-content\/uploads\/2019\/01\/TW_01-150x150.jpg\" class=\"attachment-thumbnail size-thumbnail\" alt=\"\" aria-describedby=\"gallery-2-1194\" \/><\/a>\n\t\t\t<\/dt>\n\t\t\t\t<dd class='wp-caption-text gallery-caption' id='gallery-2-1194'>\n\t\t\t\tTrainingswochenende 2019\n\t\t\t\t<\/dd><\/dl><dl class='gallery-item'>\n\t\t\t<dt class='gallery-icon landscape'>\n\t\t\t\t<a href='http:\/\/mistifly.bplaced.net\/wordpress\/bilder\/2019-2020\/tw_04\/'><img loading=\"lazy\" decoding=\"async\" width=\"150\" height=\"150\" src=\"http:\/\/mistifly.bplaced.net\/wordpress\/wp-content\/uploads\/2019\/01\/TW_04-150x150.jpg\" class=\"attachment-thumbnail size-thumbnail\" alt=\"\" aria-describedby=\"gallery-2-1197\" \/><\/a>\n\t\t\t<\/dt>\n\t\t\t\t<dd class='wp-caption-text gallery-caption' id='gallery-2-1197'>\n\t\t\t\tTrainingswochenende 2019\n\t\t\t\t<\/dd><\/dl><br style=\"clear: both\" \/>\n\t\t<\/div>\n\n<p>&nbsp;<\/p>\n<p>31.08.2019 &#8211; S\u00e4chsischer Harmonika Gaudi<\/p>\n<div id='gallery-3' class='gallery galleryid-1052 gallery-columns-4 gallery-size-thumbnail'><dl class='gallery-item'>\n\t\t\t<dt class='gallery-icon landscape'>\n\t\t\t\t<a href='http:\/\/mistifly.bplaced.net\/wordpress\/bilder\/2019-2020\/hg_01\/'><img loading=\"lazy\" decoding=\"async\" width=\"150\" height=\"150\" src=\"http:\/\/mistifly.bplaced.net\/wordpress\/wp-content\/uploads\/2019\/01\/HG_01-150x150.jpg\" class=\"attachment-thumbnail size-thumbnail\" alt=\"\" aria-describedby=\"gallery-3-1189\" \/><\/a>\n\t\t\t<\/dt>\n\t\t\t\t<dd class='wp-caption-text gallery-caption' id='gallery-3-1189'>\n\t\t\t\tHarmonika Gaudi 2019\n\t\t\t\t<\/dd><\/dl><dl class='gallery-item'>\n\t\t\t<dt class='gallery-icon landscape'>\n\t\t\t\t<a href='http:\/\/mistifly.bplaced.net\/wordpress\/bilder\/2019-2020\/hg_02\/'><img loading=\"lazy\" decoding=\"async\" width=\"150\" height=\"150\" src=\"http:\/\/mistifly.bplaced.net\/wordpress\/wp-content\/uploads\/2019\/01\/HG_02-150x150.jpg\" class=\"attachment-thumbnail size-thumbnail\" alt=\"\" aria-describedby=\"gallery-3-1190\" \/><\/a>\n\t\t\t<\/dt>\n\t\t\t\t<dd class='wp-caption-text gallery-caption' id='gallery-3-1190'>\n\t\t\t\tHarmonika Gaudi 2019\n\t\t\t\t<\/dd><\/dl><dl class='gallery-item'>\n\t\t\t<dt class='gallery-icon landscape'>\n\t\t\t\t<a href='http:\/\/mistifly.bplaced.net\/wordpress\/bilder\/2019-2020\/hg_03\/'><img loading=\"lazy\" decoding=\"async\" width=\"150\" height=\"150\" src=\"http:\/\/mistifly.bplaced.net\/wordpress\/wp-content\/uploads\/2019\/01\/HG_03-150x150.jpg\" class=\"attachment-thumbnail size-thumbnail\" alt=\"\" aria-describedby=\"gallery-3-1191\" \/><\/a>\n\t\t\t<\/dt>\n\t\t\t\t<dd class='wp-caption-text gallery-caption' id='gallery-3-1191'>\n\t\t\t\tHarmonika Gaudi 2019\n\t\t\t\t<\/dd><\/dl><dl class='gallery-item'>\n\t\t\t<dt class='gallery-icon landscape'>\n\t\t\t\t<a href='http:\/\/mistifly.bplaced.net\/wordpress\/bilder\/2019-2020\/hg_04\/'><img loading=\"lazy\" decoding=\"async\" width=\"150\" height=\"150\" src=\"http:\/\/mistifly.bplaced.net\/wordpress\/wp-content\/uploads\/2019\/01\/HG_04-150x150.jpg\" class=\"attachment-thumbnail size-thumbnail\" alt=\"\" aria-describedby=\"gallery-3-1192\" \/><\/a>\n\t\t\t<\/dt>\n\t\t\t\t<dd class='wp-caption-text gallery-caption' id='gallery-3-1192'>\n\t\t\t\tHarmonika Gaudi 2019\n\t\t\t\t<\/dd><\/dl><br style=\"clear: both\" \/>\n\t\t<\/div>\n\n<p>&nbsp;<\/p>\n<p>10.05.2019 Offene Probe bei K\u00f6ckritz&#8217;<\/p>\n<div id='gallery-4' class='gallery galleryid-1052 gallery-columns-4 gallery-size-thumbnail'><dl class='gallery-item'>\n\t\t\t<dt class='gallery-icon landscape'>\n\t\t\t\t<a href='http:\/\/mistifly.bplaced.net\/wordpress\/bilder\/2019-2020\/op_2019_02-2\/'><img loading=\"lazy\" decoding=\"async\" width=\"150\" height=\"150\" src=\"http:\/\/mistifly.bplaced.net\/wordpress\/wp-content\/uploads\/2019\/01\/OP_2019_021-150x150.jpg\" class=\"attachment-thumbnail size-thumbnail\" alt=\"\" aria-describedby=\"gallery-4-1133\" \/><\/a>\n\t\t\t<\/dt>\n\t\t\t\t<dd class='wp-caption-text gallery-caption' id='gallery-4-1133'>\n\t\t\t\toffene Probe 2019\n\t\t\t\t<\/dd><\/dl><dl class='gallery-item'>\n\t\t\t<dt class='gallery-icon landscape'>\n\t\t\t\t<a href='http:\/\/mistifly.bplaced.net\/wordpress\/bilder\/2019-2020\/op_2019_01-2\/'><img loading=\"lazy\" decoding=\"async\" width=\"150\" height=\"150\" src=\"http:\/\/mistifly.bplaced.net\/wordpress\/wp-content\/uploads\/2019\/01\/OP_2019_011-150x150.jpg\" class=\"attachment-thumbnail size-thumbnail\" alt=\"\" aria-describedby=\"gallery-4-1132\" \/><\/a>\n\t\t\t<\/dt>\n\t\t\t\t<dd class='wp-caption-text gallery-caption' id='gallery-4-1132'>\n\t\t\t\toffene Probe 2019\n\t\t\t\t<\/dd><\/dl>\n\t\t\t<br style='clear: both' \/>\n\t\t<\/div>\n\n<p>&nbsp;<\/p>\n<p>30.03.2019 Jahreskonzert im Sch\u00fctzenhaus Ruhland<\/p>\n<div id='gallery-5' class='gallery galleryid-1052 gallery-columns-4 gallery-size-thumbnail'><dl class='gallery-item'>\n\t\t\t<dt class='gallery-icon landscape'>\n\t\t\t\t<a href='http:\/\/mistifly.bplaced.net\/wordpress\/bilder\/2019-2020\/jk_2019_01\/'><img loading=\"lazy\" decoding=\"async\" width=\"150\" height=\"150\" src=\"http:\/\/mistifly.bplaced.net\/wordpress\/wp-content\/uploads\/2019\/01\/JK_2019_01-150x150.jpg\" class=\"attachment-thumbnail size-thumbnail\" alt=\"\" aria-describedby=\"gallery-5-1126\" \/><\/a>\n\t\t\t<\/dt>\n\t\t\t\t<dd class='wp-caption-text gallery-caption' id='gallery-5-1126'>\n\t\t\t\tJahreskonzert 2019\n\t\t\t\t<\/dd><\/dl>\n\t\t\t<br style='clear: both' \/>\n\t\t<\/div>\n\n<p>&nbsp;<\/p>\n<p>19.01.2019 Probenwochenende in der Schule Guteborn<\/p>\n<div id='gallery-6' class='gallery galleryid-1052 gallery-columns-4 gallery-size-thumbnail'><dl class='gallery-item'>\n\t\t\t<dt class='gallery-icon landscape'>\n\t\t\t\t<a href='http:\/\/mistifly.bplaced.net\/wordpress\/bilder\/2019-2020\/probenwochenende_2019_01-2\/'><img loading=\"lazy\" decoding=\"async\" width=\"150\" height=\"150\" src=\"http:\/\/mistifly.bplaced.net\/wordpress\/wp-content\/uploads\/2019\/01\/Probenwochenende_2019_011-150x150.jpg\" class=\"attachment-thumbnail size-thumbnail\" alt=\"\" aria-describedby=\"gallery-6-1129\" \/><\/a>\n\t\t\t<\/dt>\n\t\t\t\t<dd class='wp-caption-text gallery-caption' id='gallery-6-1129'>\n\t\t\t\tProbenwochenende Schule Guteborn\n\t\t\t\t<\/dd><\/dl>\n\t\t\t<br style='clear: both' \/>\n\t\t<\/div>\n\n","protected":false},"excerpt":{"rendered":"<p>Weihnachtskonzert 2019 in Schwarzheide &nbsp; 26.09.2019 &#8211; Trainingswochenende in Guteborn &nbsp; 31.08.2019 &#8211; S\u00e4chsischer Harmonika Gaudi &nbsp; 10.05.2019 Offene Probe bei K\u00f6ckritz&#8217; &nbsp; 30.03.2019 Jahreskonzert im Sch\u00fctzenhaus Ruhland &nbsp; 19.01.2019 Probenwochenende in der Schule Guteborn<\/p>\n","protected":false},"author":1,"featured_media":0,"parent":11,"menu_order":2,"comment_status":"closed","ping_status":"closed","template":"","meta":{"footnotes":""},"class_list":["post-1052","page","type-page","status-publish","hentry"],"_links":{"self":[{"href":"http:\/\/mistifly.bplaced.net\/wordpress\/wp-json\/wp\/v2\/pages\/1052","targetHints":{"allow":["GET"]}}],"collection":[{"href":"http:\/\/mistifly.bplaced.net\/wordpress\/wp-json\/wp\/v2\/pages"}],"about":[{"href":"http:\/\/mistifly.bplaced.net\/wordpress\/wp-json\/wp\/v2\/types\/page"}],"author":[{"embeddable":true,"href":"http:\/\/mistifly.bplaced.net\/wordpress\/wp-json\/wp\/v2\/users\/1"}],"replies":[{"embeddable":true,"href":"http:\/\/mistifly.bplaced.net\/wordpress\/wp-json\/wp\/v2\/comments?post=1052"}],"version-history":[{"count":6,"href":"http:\/\/mistifly.bplaced.net\/wordpress\/wp-json\/wp\/v2\/pages\/1052\/revisions"}],"predecessor-version":[{"id":1203,"href":"http:\/\/mistifly.bplaced.net\/wordpress\/wp-json\/wp\/v2\/pages\/1052\/revisions\/1203"}],"up":[{"embeddable":true,"href":"http:\/\/mistifly.bplaced.net\/wordpress\/wp-json\/wp\/v2\/pages\/11"}],"wp:attachment":[{"href":"http:\/\/mistifly.bplaced.net\/wordpress\/wp-json\/wp\/v2\/media?parent=1052"}],"curies":[{"name":"wp","href":"https:\/\/api.w.org\/{rel}","templated":true}]}}