{"id":16,"date":"2014-02-22T15:14:49","date_gmt":"2014-02-22T13:14:49","guid":{"rendered":"http:\/\/mistifly.bplaced.net\/wordpress\/?page_id=16"},"modified":"2023-05-08T12:40:05","modified_gmt":"2023-05-08T10:40:05","slug":"akkordien-harmoniests","status":"publish","type":"page","link":"http:\/\/mistifly.bplaced.net\/wordpress\/orchester\/akkordien-harmoniests\/","title":{"rendered":"AkkorDIEn HARMONIEsts"},"content":{"rendered":"<div style=\"text-align: justify;\" align=\"center\"><span style=\"font-family: Arial; font-size: medium;\"><span style=\"font-family: Arial; font-size: medium;\">Wir, die AkkorDIEn HARMONIEsts, sind ein Jugendorchester der Musikschule Fr\u00f6hlich unter der Leitung von Grit Kahle. Hier musizieren gemeinsam ca. <span style=\"color: orangered;\">45 Akkordeonisten<\/span> und eine <span style=\"color: orangered;\">Rhythmusgruppe<\/span>, bestehend aus E-Gitarre, Bass-Gitarre, Bass-Akkordeon, Q-Chord, Keyboard, Percussion und Schlagzeug.<\/span><\/span><\/div>\n<div style=\"text-align: justify;\" align=\"center\"><span style=\"font-family: Arial; font-size: medium;\"><span style=\"font-family: Arial; font-size: medium;\">Dabei werden wir tatkr\u00e4ftig von unseren Technikern und anderen freiwilligen Eltern und Helfern unterst\u00fctzt. F\u00fcr Abwechslung und Auflockerung im Programm sorgen unsere <span style=\"color: orangered;\">Moderatoren<\/span>, <span style=\"color: orangered;\">S\u00e4nger<\/span> und <span style=\"color: orangered;\">T\u00e4nzer<\/span>.<\/span><\/span><\/div>\n<div style=\"text-align: justify;\" align=\"center\"><span style=\"font-family: Arial; font-size: medium;\"><span style=\"font-family: Arial; font-size: medium;\">Die jungen Musiker im Alter von 14 bis etwa 40 Jahren machen bereits <span style=\"color: orangered;\">seit Dezember 1998<\/span> im Akkordeonorchester zusammen Musik &#8211; auf Wunsch auch in kleinerer Besetzung &#8211; einige von ihnen nehmen schon Unterricht seit 1995 Unterricht f\u00fcr Akkordeon. Daher k\u00f6nnen wir auf ein sehr <span style=\"color: orangered;\">weitgef\u00e4chertes und vielseitiges Repertoire<\/span> an Musikst\u00fccken zur\u00fcckgreifen: Evergreen, Klassik und Musical, sowie einige der gr\u00f6\u00dften Welthits aus Rock und Pop. So lie\u00dfen wir bisher nichts unversucht, um unserem Publikum auch mal die eine oder andere \u00dcberraschung zu bereiten.<\/span><\/span><\/div>\n","protected":false},"excerpt":{"rendered":"<p>Wir, die AkkorDIEn HARMONIEsts, sind ein Jugendorchester der Musikschule Fr\u00f6hlich unter der Leitung von Grit Kahle. Hier musizieren gemeinsam ca. 45 Akkordeonisten und eine Rhythmusgruppe, bestehend aus E-Gitarre, Bass-Gitarre, Bass-Akkordeon, Q-Chord, Keyboard, Percussion und Schlagzeug. Dabei werden wir tatkr\u00e4ftig von &hellip; <a href=\"http:\/\/mistifly.bplaced.net\/wordpress\/orchester\/akkordien-harmoniests\/\">Continue reading <span class=\"meta-nav\">&rarr;<\/span><\/a><\/p>\n","protected":false},"author":1,"featured_media":0,"parent":2,"menu_order":1,"comment_status":"closed","ping_status":"closed","template":"","meta":{"footnotes":""},"class_list":["post-16","page","type-page","status-publish","hentry"],"_links":{"self":[{"href":"http:\/\/mistifly.bplaced.net\/wordpress\/wp-json\/wp\/v2\/pages\/16","targetHints":{"allow":["GET"]}}],"collection":[{"href":"http:\/\/mistifly.bplaced.net\/wordpress\/wp-json\/wp\/v2\/pages"}],"about":[{"href":"http:\/\/mistifly.bplaced.net\/wordpress\/wp-json\/wp\/v2\/types\/page"}],"author":[{"embeddable":true,"href":"http:\/\/mistifly.bplaced.net\/wordpress\/wp-json\/wp\/v2\/users\/1"}],"replies":[{"embeddable":true,"href":"http:\/\/mistifly.bplaced.net\/wordpress\/wp-json\/wp\/v2\/comments?post=16"}],"version-history":[{"count":6,"href":"http:\/\/mistifly.bplaced.net\/wordpress\/wp-json\/wp\/v2\/pages\/16\/revisions"}],"predecessor-version":[{"id":1606,"href":"http:\/\/mistifly.bplaced.net\/wordpress\/wp-json\/wp\/v2\/pages\/16\/revisions\/1606"}],"up":[{"embeddable":true,"href":"http:\/\/mistifly.bplaced.net\/wordpress\/wp-json\/wp\/v2\/pages\/2"}],"wp:attachment":[{"href":"http:\/\/mistifly.bplaced.net\/wordpress\/wp-json\/wp\/v2\/media?parent=16"}],"curies":[{"name":"wp","href":"https:\/\/api.w.org\/{rel}","templated":true}]}}