{"id":163,"date":"2014-02-22T17:30:30","date_gmt":"2014-02-22T15:30:30","guid":{"rendered":"http:\/\/mistifly.bplaced.net\/wordpress\/?page_id=163"},"modified":"2023-01-19T10:27:35","modified_gmt":"2023-01-19T08:27:35","slug":"2011-2012","status":"publish","type":"page","link":"http:\/\/mistifly.bplaced.net\/wordpress\/bilder\/2011-2012\/","title":{"rendered":"2011-2012"},"content":{"rendered":"<p>November 2012 Musikalischer Herbststrau\u00df in Hosena<\/p>\n<div id='gallery-1' class='gallery galleryid-163 gallery-columns-4 gallery-size-thumbnail'><dl class='gallery-item'>\n\t\t\t<dt class='gallery-icon landscape'>\n\t\t\t\t<a href='http:\/\/mistifly.bplaced.net\/wordpress\/bilder\/2011-2012\/herbstkonzert\/'><img loading=\"lazy\" decoding=\"async\" width=\"150\" height=\"150\" src=\"http:\/\/mistifly.bplaced.net\/wordpress\/wp-content\/uploads\/2014\/02\/Herbstkonzert-150x150.jpg\" class=\"attachment-thumbnail size-thumbnail\" alt=\"\" \/><\/a>\n\t\t\t<\/dt><\/dl><dl class='gallery-item'>\n\t\t\t<dt class='gallery-icon landscape'>\n\t\t\t\t<a href='http:\/\/mistifly.bplaced.net\/wordpress\/bilder\/2011-2012\/herbstkonzert2\/'><img loading=\"lazy\" decoding=\"async\" width=\"150\" height=\"150\" src=\"http:\/\/mistifly.bplaced.net\/wordpress\/wp-content\/uploads\/2014\/02\/Herbstkonzert2-150x150.jpg\" class=\"attachment-thumbnail size-thumbnail\" alt=\"\" \/><\/a>\n\t\t\t<\/dt><\/dl><dl class='gallery-item'>\n\t\t\t<dt class='gallery-icon landscape'>\n\t\t\t\t<a href='http:\/\/mistifly.bplaced.net\/wordpress\/bilder\/2011-2012\/herbstkonzert3\/'><img loading=\"lazy\" decoding=\"async\" width=\"150\" height=\"150\" src=\"http:\/\/mistifly.bplaced.net\/wordpress\/wp-content\/uploads\/2014\/02\/Herbstkonzert3-150x150.jpg\" class=\"attachment-thumbnail size-thumbnail\" alt=\"\" \/><\/a>\n\t\t\t<\/dt><\/dl><dl class='gallery-item'>\n\t\t\t<dt class='gallery-icon landscape'>\n\t\t\t\t<a href='http:\/\/mistifly.bplaced.net\/wordpress\/bilder\/2011-2012\/herbstkonzert4\/'><img loading=\"lazy\" decoding=\"async\" width=\"150\" height=\"150\" src=\"http:\/\/mistifly.bplaced.net\/wordpress\/wp-content\/uploads\/2014\/02\/Herbstkonzert4-150x150.jpg\" class=\"attachment-thumbnail size-thumbnail\" alt=\"\" \/><\/a>\n\t\t\t<\/dt><\/dl><br style=\"clear: both\" \/>\n\t\t<\/div>\n\n<p>&nbsp;<\/p>\n<p>13.05.2012 Muttertagskonzert in Ortrand<\/p>\n<div id='gallery-2' class='gallery galleryid-163 gallery-columns-4 gallery-size-thumbnail'><dl class='gallery-item'>\n\t\t\t<dt class='gallery-icon landscape'>\n\t\t\t\t<a href='http:\/\/mistifly.bplaced.net\/wordpress\/bilder\/2011-2012\/muttertag\/'><img loading=\"lazy\" decoding=\"async\" width=\"150\" height=\"150\" src=\"http:\/\/mistifly.bplaced.net\/wordpress\/wp-content\/uploads\/2014\/02\/Muttertag-150x150.jpg\" class=\"attachment-thumbnail size-thumbnail\" alt=\"\" aria-describedby=\"gallery-2-168\" \/><\/a>\n\t\t\t<\/dt>\n\t\t\t\t<dd class='wp-caption-text gallery-caption' id='gallery-2-168'>\n\t\t\t\tMuttertagskonzert in Ortrand\n\t\t\t\t<\/dd><\/dl><dl class='gallery-item'>\n\t\t\t<dt class='gallery-icon landscape'>\n\t\t\t\t<a href='http:\/\/mistifly.bplaced.net\/wordpress\/bilder\/2011-2012\/muttertag2\/'><img loading=\"lazy\" decoding=\"async\" width=\"150\" height=\"150\" src=\"http:\/\/mistifly.bplaced.net\/wordpress\/wp-content\/uploads\/2014\/02\/Muttertag2-150x150.jpg\" class=\"attachment-thumbnail size-thumbnail\" alt=\"\" aria-describedby=\"gallery-2-169\" \/><\/a>\n\t\t\t<\/dt>\n\t\t\t\t<dd class='wp-caption-text gallery-caption' id='gallery-2-169'>\n\t\t\t\tMuttertagskonzert in Ortrand\n\t\t\t\t<\/dd><\/dl><dl class='gallery-item'>\n\t\t\t<dt class='gallery-icon landscape'>\n\t\t\t\t<a href='http:\/\/mistifly.bplaced.net\/wordpress\/bilder\/2011-2012\/muttertag3\/'><img loading=\"lazy\" decoding=\"async\" width=\"150\" height=\"150\" src=\"http:\/\/mistifly.bplaced.net\/wordpress\/wp-content\/uploads\/2014\/02\/Muttertag3-150x150.jpg\" class=\"attachment-thumbnail size-thumbnail\" alt=\"\" aria-describedby=\"gallery-2-170\" \/><\/a>\n\t\t\t<\/dt>\n\t\t\t\t<dd class='wp-caption-text gallery-caption' id='gallery-2-170'>\n\t\t\t\tMuttertagskonzert in Ortrand\n\t\t\t\t<\/dd><\/dl><dl class='gallery-item'>\n\t\t\t<dt class='gallery-icon landscape'>\n\t\t\t\t<a href='http:\/\/mistifly.bplaced.net\/wordpress\/bilder\/2011-2012\/muttertag4\/'><img loading=\"lazy\" decoding=\"async\" width=\"150\" height=\"150\" src=\"http:\/\/mistifly.bplaced.net\/wordpress\/wp-content\/uploads\/2014\/02\/Muttertag4-150x150.jpg\" class=\"attachment-thumbnail size-thumbnail\" alt=\"\" aria-describedby=\"gallery-2-171\" \/><\/a>\n\t\t\t<\/dt>\n\t\t\t\t<dd class='wp-caption-text gallery-caption' id='gallery-2-171'>\n\t\t\t\tMuttertagskonzert in Ortrand\n\t\t\t\t<\/dd><\/dl><br style=\"clear: both\" \/>\n\t\t<\/div>\n\n<p>&nbsp;<\/p>\n<p>Mai 2012 Trainingslager in Ortrand<\/p>\n<div id='gallery-3' class='gallery galleryid-163 gallery-columns-4 gallery-size-thumbnail'><dl class='gallery-item'>\n\t\t\t<dt class='gallery-icon portrait'>\n\t\t\t\t<a href='http:\/\/mistifly.bplaced.net\/wordpress\/bilder\/2011-2012\/ortrand2\/'><img loading=\"lazy\" decoding=\"async\" width=\"150\" height=\"150\" src=\"http:\/\/mistifly.bplaced.net\/wordpress\/wp-content\/uploads\/2014\/02\/Ortrand2-150x150.jpg\" class=\"attachment-thumbnail size-thumbnail\" alt=\"\" aria-describedby=\"gallery-3-164\" \/><\/a>\n\t\t\t<\/dt>\n\t\t\t\t<dd class='wp-caption-text gallery-caption' id='gallery-3-164'>\n\t\t\t\tTrainingslager Ortrand\n\t\t\t\t<\/dd><\/dl><dl class='gallery-item'>\n\t\t\t<dt class='gallery-icon landscape'>\n\t\t\t\t<a href='http:\/\/mistifly.bplaced.net\/wordpress\/bilder\/2011-2012\/ortrand3\/'><img loading=\"lazy\" decoding=\"async\" width=\"150\" height=\"150\" src=\"http:\/\/mistifly.bplaced.net\/wordpress\/wp-content\/uploads\/2014\/02\/Ortrand3-150x150.jpg\" class=\"attachment-thumbnail size-thumbnail\" alt=\"\" aria-describedby=\"gallery-3-165\" \/><\/a>\n\t\t\t<\/dt>\n\t\t\t\t<dd class='wp-caption-text gallery-caption' id='gallery-3-165'>\n\t\t\t\tTrainingslager Ortrand\n\t\t\t\t<\/dd><\/dl><dl class='gallery-item'>\n\t\t\t<dt class='gallery-icon landscape'>\n\t\t\t\t<a href='http:\/\/mistifly.bplaced.net\/wordpress\/bilder\/2011-2012\/ortrand4\/'><img loading=\"lazy\" decoding=\"async\" width=\"150\" height=\"150\" src=\"http:\/\/mistifly.bplaced.net\/wordpress\/wp-content\/uploads\/2014\/02\/Ortrand4-150x150.jpg\" class=\"attachment-thumbnail size-thumbnail\" alt=\"\" aria-describedby=\"gallery-3-166\" \/><\/a>\n\t\t\t<\/dt>\n\t\t\t\t<dd class='wp-caption-text gallery-caption' id='gallery-3-166'>\n\t\t\t\tTrainingslager Ortrand\n\t\t\t\t<\/dd><\/dl><dl class='gallery-item'>\n\t\t\t<dt class='gallery-icon landscape'>\n\t\t\t\t<a href='http:\/\/mistifly.bplaced.net\/wordpress\/bilder\/2011-2012\/ortrand5\/'><img loading=\"lazy\" decoding=\"async\" width=\"150\" height=\"150\" src=\"http:\/\/mistifly.bplaced.net\/wordpress\/wp-content\/uploads\/2014\/02\/Ortrand5-150x150.jpg\" class=\"attachment-thumbnail size-thumbnail\" alt=\"\" aria-describedby=\"gallery-3-167\" \/><\/a>\n\t\t\t<\/dt>\n\t\t\t\t<dd class='wp-caption-text gallery-caption' id='gallery-3-167'>\n\t\t\t\tTrainingslager Ortrand\n\t\t\t\t<\/dd><\/dl><br style=\"clear: both\" \/>\n\t\t<\/div>\n\n<p>&nbsp;<\/p>\n<p>17.-18.03.2012 Jahreskonzert im Sch\u00fctzenhaus Ruhland<\/p>\n<div id='gallery-4' class='gallery galleryid-163 gallery-columns-4 gallery-size-thumbnail'><dl class='gallery-item'>\n\t\t\t<dt class='gallery-icon portrait'>\n\t\t\t\t<a href='http:\/\/mistifly.bplaced.net\/wordpress\/bilder\/2011-2012\/jk\/'><img loading=\"lazy\" decoding=\"async\" width=\"150\" height=\"150\" src=\"http:\/\/mistifly.bplaced.net\/wordpress\/wp-content\/uploads\/2014\/02\/JK-150x150.jpg\" class=\"attachment-thumbnail size-thumbnail\" alt=\"\" aria-describedby=\"gallery-4-276\" \/><\/a>\n\t\t\t<\/dt>\n\t\t\t\t<dd class='wp-caption-text gallery-caption' id='gallery-4-276'>\n\t\t\t\tPlakat Jahreskonzert 2012\n\t\t\t\t<\/dd><\/dl><dl class='gallery-item'>\n\t\t\t<dt class='gallery-icon landscape'>\n\t\t\t\t<a href='http:\/\/mistifly.bplaced.net\/wordpress\/bilder\/2011-2012\/jk-2\/'><img loading=\"lazy\" decoding=\"async\" width=\"150\" height=\"150\" src=\"http:\/\/mistifly.bplaced.net\/wordpress\/wp-content\/uploads\/2014\/02\/JK11-150x150.jpg\" class=\"attachment-thumbnail size-thumbnail\" alt=\"\" \/><\/a>\n\t\t\t<\/dt><\/dl><dl class='gallery-item'>\n\t\t\t<dt class='gallery-icon landscape'>\n\t\t\t\t<a href='http:\/\/mistifly.bplaced.net\/wordpress\/bilder\/2011-2012\/jk2-2\/'><img loading=\"lazy\" decoding=\"async\" width=\"150\" height=\"150\" src=\"http:\/\/mistifly.bplaced.net\/wordpress\/wp-content\/uploads\/2014\/02\/JK21-150x150.jpg\" class=\"attachment-thumbnail size-thumbnail\" alt=\"\" \/><\/a>\n\t\t\t<\/dt><\/dl>\n\t\t\t<br style='clear: both' \/>\n\t\t<\/div>\n\n<p>&nbsp;<\/p>\n<p>November 2011 Musikalischer Herbststrau\u00df<\/p>\n<div id='gallery-5' class='gallery galleryid-163 gallery-columns-4 gallery-size-thumbnail'><dl class='gallery-item'>\n\t\t\t<dt class='gallery-icon landscape'>\n\t\t\t\t<a href='http:\/\/mistifly.bplaced.net\/wordpress\/bilder\/2011-2012\/herbstkonzert2-2\/'><img loading=\"lazy\" decoding=\"async\" width=\"150\" height=\"150\" src=\"http:\/\/mistifly.bplaced.net\/wordpress\/wp-content\/uploads\/2014\/02\/Herbstkonzert22-150x150.jpg\" class=\"attachment-thumbnail size-thumbnail\" alt=\"\" \/><\/a>\n\t\t\t<\/dt><\/dl><dl class='gallery-item'>\n\t\t\t<dt class='gallery-icon landscape'>\n\t\t\t\t<a href='http:\/\/mistifly.bplaced.net\/wordpress\/bilder\/2011-2012\/herbstkonzert4-2\/'><img loading=\"lazy\" decoding=\"async\" width=\"150\" height=\"150\" src=\"http:\/\/mistifly.bplaced.net\/wordpress\/wp-content\/uploads\/2014\/02\/Herbstkonzert42-150x150.jpg\" class=\"attachment-thumbnail size-thumbnail\" alt=\"\" \/><\/a>\n\t\t\t<\/dt><\/dl><dl class='gallery-item'>\n\t\t\t<dt class='gallery-icon landscape'>\n\t\t\t\t<a href='http:\/\/mistifly.bplaced.net\/wordpress\/bilder\/2011-2012\/herbstkonzert3-2\/'><img loading=\"lazy\" decoding=\"async\" width=\"150\" height=\"150\" src=\"http:\/\/mistifly.bplaced.net\/wordpress\/wp-content\/uploads\/2014\/02\/Herbstkonzert32-150x150.jpg\" class=\"attachment-thumbnail size-thumbnail\" alt=\"\" \/><\/a>\n\t\t\t<\/dt><\/dl><dl class='gallery-item'>\n\t\t\t<dt class='gallery-icon landscape'>\n\t\t\t\t<a href='http:\/\/mistifly.bplaced.net\/wordpress\/bilder\/2011-2012\/herbstkonzert1\/'><img loading=\"lazy\" decoding=\"async\" width=\"150\" height=\"150\" src=\"http:\/\/mistifly.bplaced.net\/wordpress\/wp-content\/uploads\/2014\/02\/Herbstkonzert1-150x150.jpg\" class=\"attachment-thumbnail size-thumbnail\" alt=\"\" \/><\/a>\n\t\t\t<\/dt><\/dl><br style=\"clear: both\" \/>\n\t\t<\/div>\n\n<p>&nbsp;<\/p>\n<p>20.08.2011 40. Geburtstag von Grit Kahle<\/p>\n<div id='gallery-6' class='gallery galleryid-163 gallery-columns-4 gallery-size-thumbnail'><dl class='gallery-item'>\n\t\t\t<dt class='gallery-icon landscape'>\n\t\t\t\t<a href='http:\/\/mistifly.bplaced.net\/wordpress\/bilder\/2011-2012\/grit1\/'><img loading=\"lazy\" decoding=\"async\" width=\"150\" height=\"150\" src=\"http:\/\/mistifly.bplaced.net\/wordpress\/wp-content\/uploads\/2014\/02\/Grit1-150x150.jpg\" class=\"attachment-thumbnail size-thumbnail\" alt=\"\" \/><\/a>\n\t\t\t<\/dt><\/dl><dl class='gallery-item'>\n\t\t\t<dt class='gallery-icon landscape'>\n\t\t\t\t<a href='http:\/\/mistifly.bplaced.net\/wordpress\/bilder\/2011-2012\/grit2\/'><img loading=\"lazy\" decoding=\"async\" width=\"150\" height=\"150\" src=\"http:\/\/mistifly.bplaced.net\/wordpress\/wp-content\/uploads\/2014\/02\/Grit2-150x150.jpg\" class=\"attachment-thumbnail size-thumbnail\" alt=\"\" \/><\/a>\n\t\t\t<\/dt><\/dl><dl class='gallery-item'>\n\t\t\t<dt class='gallery-icon landscape'>\n\t\t\t\t<a href='http:\/\/mistifly.bplaced.net\/wordpress\/bilder\/2011-2012\/grit3\/'><img loading=\"lazy\" decoding=\"async\" width=\"150\" height=\"150\" src=\"http:\/\/mistifly.bplaced.net\/wordpress\/wp-content\/uploads\/2014\/02\/Grit3-150x150.jpg\" class=\"attachment-thumbnail size-thumbnail\" alt=\"\" \/><\/a>\n\t\t\t<\/dt><\/dl><dl class='gallery-item'>\n\t\t\t<dt class='gallery-icon landscape'>\n\t\t\t\t<a href='http:\/\/mistifly.bplaced.net\/wordpress\/bilder\/2011-2012\/grit5\/'><img loading=\"lazy\" decoding=\"async\" width=\"150\" height=\"150\" src=\"http:\/\/mistifly.bplaced.net\/wordpress\/wp-content\/uploads\/2014\/02\/Grit5-150x150.jpg\" class=\"attachment-thumbnail size-thumbnail\" alt=\"\" \/><\/a>\n\t\t\t<\/dt><\/dl><br style=\"clear: both\" \/>\n\t\t<\/div>\n\n<p>&nbsp;<\/p>\n<p>07.05.2011 Fr\u00fchlingskonzert in der Kirche Kroppen<\/p>\n<div id='gallery-7' class='gallery galleryid-163 gallery-columns-4 gallery-size-thumbnail'><dl class='gallery-item'>\n\t\t\t<dt class='gallery-icon landscape'>\n\t\t\t\t<a href='http:\/\/mistifly.bplaced.net\/wordpress\/bilder\/2011-2012\/kroppen1\/'><img loading=\"lazy\" decoding=\"async\" width=\"150\" height=\"150\" src=\"http:\/\/mistifly.bplaced.net\/wordpress\/wp-content\/uploads\/2014\/02\/Kroppen1-150x150.jpg\" class=\"attachment-thumbnail size-thumbnail\" alt=\"\" \/><\/a>\n\t\t\t<\/dt><\/dl><dl class='gallery-item'>\n\t\t\t<dt class='gallery-icon landscape'>\n\t\t\t\t<a href='http:\/\/mistifly.bplaced.net\/wordpress\/bilder\/2011-2012\/kroppen2\/'><img loading=\"lazy\" decoding=\"async\" width=\"150\" height=\"150\" src=\"http:\/\/mistifly.bplaced.net\/wordpress\/wp-content\/uploads\/2014\/02\/Kroppen2-150x150.jpg\" class=\"attachment-thumbnail size-thumbnail\" alt=\"\" \/><\/a>\n\t\t\t<\/dt><\/dl><dl class='gallery-item'>\n\t\t\t<dt class='gallery-icon landscape'>\n\t\t\t\t<a href='http:\/\/mistifly.bplaced.net\/wordpress\/bilder\/2011-2012\/kroppen3\/'><img loading=\"lazy\" decoding=\"async\" width=\"150\" height=\"150\" src=\"http:\/\/mistifly.bplaced.net\/wordpress\/wp-content\/uploads\/2014\/02\/Kroppen3-150x150.jpg\" class=\"attachment-thumbnail size-thumbnail\" alt=\"\" \/><\/a>\n\t\t\t<\/dt><\/dl><dl class='gallery-item'>\n\t\t\t<dt class='gallery-icon landscape'>\n\t\t\t\t<a href='http:\/\/mistifly.bplaced.net\/wordpress\/bilder\/2011-2012\/kroppen4\/'><img loading=\"lazy\" decoding=\"async\" width=\"150\" height=\"150\" src=\"http:\/\/mistifly.bplaced.net\/wordpress\/wp-content\/uploads\/2014\/02\/Kroppen4-150x150.jpg\" class=\"attachment-thumbnail size-thumbnail\" alt=\"\" \/><\/a>\n\t\t\t<\/dt><\/dl><br style=\"clear: both\" \/>\n\t\t<\/div>\n\n<p>&nbsp;<\/p>\n<p>02.04.2011 Jahrekonzert im Sch\u00fctzenhaus Ruhland<\/p>\n<div id='gallery-8' class='gallery galleryid-163 gallery-columns-4 gallery-size-thumbnail'><dl class='gallery-item'>\n\t\t\t<dt class='gallery-icon portrait'>\n\t\t\t\t<a href='http:\/\/mistifly.bplaced.net\/wordpress\/bilder\/2011-2012\/front\/'><img loading=\"lazy\" decoding=\"async\" width=\"150\" height=\"150\" src=\"http:\/\/mistifly.bplaced.net\/wordpress\/wp-content\/uploads\/2014\/02\/Front-150x150.jpg\" class=\"attachment-thumbnail size-thumbnail\" alt=\"\" \/><\/a>\n\t\t\t<\/dt><\/dl><dl class='gallery-item'>\n\t\t\t<dt class='gallery-icon landscape'>\n\t\t\t\t<a href='http:\/\/mistifly.bplaced.net\/wordpress\/bilder\/2011-2012\/jk11\/'><img loading=\"lazy\" decoding=\"async\" width=\"150\" height=\"150\" src=\"http:\/\/mistifly.bplaced.net\/wordpress\/wp-content\/uploads\/2014\/02\/JK111-150x150.jpg\" class=\"attachment-thumbnail size-thumbnail\" alt=\"\" \/><\/a>\n\t\t\t<\/dt><\/dl><dl class='gallery-item'>\n\t\t\t<dt class='gallery-icon landscape'>\n\t\t\t\t<a href='http:\/\/mistifly.bplaced.net\/wordpress\/bilder\/2011-2012\/jk1\/'><img loading=\"lazy\" decoding=\"async\" width=\"150\" height=\"150\" src=\"http:\/\/mistifly.bplaced.net\/wordpress\/wp-content\/uploads\/2014\/02\/JK1-150x150.jpg\" class=\"attachment-thumbnail size-thumbnail\" alt=\"\" \/><\/a>\n\t\t\t<\/dt><\/dl><dl class='gallery-item'>\n\t\t\t<dt class='gallery-icon landscape'>\n\t\t\t\t<a href='http:\/\/mistifly.bplaced.net\/wordpress\/bilder\/2011-2012\/jk2\/'><img loading=\"lazy\" decoding=\"async\" width=\"150\" height=\"150\" src=\"http:\/\/mistifly.bplaced.net\/wordpress\/wp-content\/uploads\/2014\/02\/JK2-150x150.jpg\" class=\"attachment-thumbnail size-thumbnail\" alt=\"\" \/><\/a>\n\t\t\t<\/dt><\/dl><br style=\"clear: both\" \/><dl class='gallery-item'>\n\t\t\t<dt class='gallery-icon landscape'>\n\t\t\t\t<a href='http:\/\/mistifly.bplaced.net\/wordpress\/bilder\/2011-2012\/jk3\/'><img loading=\"lazy\" decoding=\"async\" width=\"150\" height=\"150\" src=\"http:\/\/mistifly.bplaced.net\/wordpress\/wp-content\/uploads\/2014\/02\/JK3-150x150.jpg\" class=\"attachment-thumbnail size-thumbnail\" alt=\"\" \/><\/a>\n\t\t\t<\/dt><\/dl><dl class='gallery-item'>\n\t\t\t<dt class='gallery-icon landscape'>\n\t\t\t\t<a href='http:\/\/mistifly.bplaced.net\/wordpress\/bilder\/2011-2012\/jk4\/'><img loading=\"lazy\" decoding=\"async\" width=\"150\" height=\"150\" src=\"http:\/\/mistifly.bplaced.net\/wordpress\/wp-content\/uploads\/2014\/02\/JK4-150x150.jpg\" class=\"attachment-thumbnail size-thumbnail\" alt=\"\" \/><\/a>\n\t\t\t<\/dt><\/dl><dl class='gallery-item'>\n\t\t\t<dt class='gallery-icon landscape'>\n\t\t\t\t<a href='http:\/\/mistifly.bplaced.net\/wordpress\/bilder\/2011-2012\/jk5\/'><img loading=\"lazy\" decoding=\"async\" width=\"150\" height=\"150\" src=\"http:\/\/mistifly.bplaced.net\/wordpress\/wp-content\/uploads\/2014\/02\/JK5-150x150.jpg\" class=\"attachment-thumbnail size-thumbnail\" alt=\"\" \/><\/a>\n\t\t\t<\/dt><\/dl><dl class='gallery-item'>\n\t\t\t<dt class='gallery-icon landscape'>\n\t\t\t\t<a href='http:\/\/mistifly.bplaced.net\/wordpress\/bilder\/2011-2012\/jk6\/'><img loading=\"lazy\" decoding=\"async\" width=\"150\" height=\"150\" src=\"http:\/\/mistifly.bplaced.net\/wordpress\/wp-content\/uploads\/2014\/02\/JK6-150x150.jpg\" class=\"attachment-thumbnail size-thumbnail\" alt=\"\" \/><\/a>\n\t\t\t<\/dt><\/dl><br style=\"clear: both\" \/><dl class='gallery-item'>\n\t\t\t<dt class='gallery-icon landscape'>\n\t\t\t\t<a href='http:\/\/mistifly.bplaced.net\/wordpress\/bilder\/2011-2012\/jk7\/'><img loading=\"lazy\" decoding=\"async\" width=\"150\" height=\"150\" src=\"http:\/\/mistifly.bplaced.net\/wordpress\/wp-content\/uploads\/2014\/02\/JK7-150x150.jpg\" class=\"attachment-thumbnail size-thumbnail\" alt=\"\" \/><\/a>\n\t\t\t<\/dt><\/dl><dl class='gallery-item'>\n\t\t\t<dt class='gallery-icon landscape'>\n\t\t\t\t<a href='http:\/\/mistifly.bplaced.net\/wordpress\/bilder\/2011-2012\/jk8\/'><img loading=\"lazy\" decoding=\"async\" width=\"150\" height=\"150\" src=\"http:\/\/mistifly.bplaced.net\/wordpress\/wp-content\/uploads\/2014\/02\/JK8-150x150.jpg\" class=\"attachment-thumbnail size-thumbnail\" alt=\"\" \/><\/a>\n\t\t\t<\/dt><\/dl><dl class='gallery-item'>\n\t\t\t<dt class='gallery-icon landscape'>\n\t\t\t\t<a href='http:\/\/mistifly.bplaced.net\/wordpress\/bilder\/2011-2012\/jk9\/'><img loading=\"lazy\" decoding=\"async\" width=\"150\" height=\"150\" src=\"http:\/\/mistifly.bplaced.net\/wordpress\/wp-content\/uploads\/2014\/02\/JK9-150x150.jpg\" class=\"attachment-thumbnail size-thumbnail\" alt=\"\" \/><\/a>\n\t\t\t<\/dt><\/dl><dl class='gallery-item'>\n\t\t\t<dt class='gallery-icon landscape'>\n\t\t\t\t<a href='http:\/\/mistifly.bplaced.net\/wordpress\/bilder\/2011-2012\/jk10\/'><img loading=\"lazy\" decoding=\"async\" width=\"150\" height=\"150\" src=\"http:\/\/mistifly.bplaced.net\/wordpress\/wp-content\/uploads\/2014\/02\/JK10-150x150.jpg\" class=\"attachment-thumbnail size-thumbnail\" alt=\"\" \/><\/a>\n\t\t\t<\/dt><\/dl><br style=\"clear: both\" \/>\n\t\t<\/div>\n\n","protected":false},"excerpt":{"rendered":"<p>November 2012 Musikalischer Herbststrau\u00df in Hosena &nbsp; 13.05.2012 Muttertagskonzert in Ortrand &nbsp; Mai 2012 Trainingslager in Ortrand &nbsp; 17.-18.03.2012 Jahreskonzert im Sch\u00fctzenhaus Ruhland &nbsp; November 2011 Musikalischer Herbststrau\u00df &nbsp; 20.08.2011 40. Geburtstag von Grit Kahle &nbsp; 07.05.2011 Fr\u00fchlingskonzert in der &hellip; <a href=\"http:\/\/mistifly.bplaced.net\/wordpress\/bilder\/2011-2012\/\">Continue reading <span class=\"meta-nav\">&rarr;<\/span><\/a><\/p>\n","protected":false},"author":1,"featured_media":0,"parent":11,"menu_order":6,"comment_status":"closed","ping_status":"closed","template":"","meta":{"footnotes":""},"class_list":["post-163","page","type-page","status-publish","hentry"],"_links":{"self":[{"href":"http:\/\/mistifly.bplaced.net\/wordpress\/wp-json\/wp\/v2\/pages\/163","targetHints":{"allow":["GET"]}}],"collection":[{"href":"http:\/\/mistifly.bplaced.net\/wordpress\/wp-json\/wp\/v2\/pages"}],"about":[{"href":"http:\/\/mistifly.bplaced.net\/wordpress\/wp-json\/wp\/v2\/types\/page"}],"author":[{"embeddable":true,"href":"http:\/\/mistifly.bplaced.net\/wordpress\/wp-json\/wp\/v2\/users\/1"}],"replies":[{"embeddable":true,"href":"http:\/\/mistifly.bplaced.net\/wordpress\/wp-json\/wp\/v2\/comments?post=163"}],"version-history":[{"count":8,"href":"http:\/\/mistifly.bplaced.net\/wordpress\/wp-json\/wp\/v2\/pages\/163\/revisions"}],"predecessor-version":[{"id":337,"href":"http:\/\/mistifly.bplaced.net\/wordpress\/wp-json\/wp\/v2\/pages\/163\/revisions\/337"}],"up":[{"embeddable":true,"href":"http:\/\/mistifly.bplaced.net\/wordpress\/wp-json\/wp\/v2\/pages\/11"}],"wp:attachment":[{"href":"http:\/\/mistifly.bplaced.net\/wordpress\/wp-json\/wp\/v2\/media?parent=163"}],"curies":[{"name":"wp","href":"https:\/\/api.w.org\/{rel}","templated":true}]}}