{"id":1991,"date":"2025-02-20T13:32:22","date_gmt":"2025-02-20T11:32:22","guid":{"rendered":"http:\/\/mistifly.bplaced.net\/wordpress\/?page_id=1991"},"modified":"2026-01-14T13:09:41","modified_gmt":"2026-01-14T11:09:41","slug":"orchester-chronik","status":"publish","type":"page","link":"http:\/\/mistifly.bplaced.net\/wordpress\/orchester-chronik\/","title":{"rendered":"Chronik"},"content":{"rendered":"<p><strong>1995\/ 1996<\/strong><\/p>\n<ul>\n<li>zu Besuch bei den Konzerten der 1. Harmonika Big Band, Ltg. Josef Retter<\/li>\n<li>erster gro\u00dfer Auftritt in der Lausitzhalle Hoyerswerda als Melodika- und Akkordeonsch\u00fcler<\/li>\n<li>erste Trainingslager in der JH K\u00f6then und SLH T\u00e4ubertsm\u00fchle<\/li>\n<li>Jahreskonzert im BASF Kulturhaus Schwarzheide<\/li>\n<\/ul>\n<p><strong>1997<\/strong><\/p>\n<ul>\n<li>zweiter Auftritt mit der 1.Harmonika- Big-Band im Kulturhaus Plessa, Tabaluga<\/li>\n<li>Trainingslager im SLH T\u00e4ubertsm\u00fchle<\/li>\n<li>erster Unterricht f\u00fcr Erwachsene &#8211; Gr\u00fcndung Oldiegruppe Hohenbocka<\/li>\n<li>Jahreskonzerte im BASF Kulturhaus Schwarzheide und \u201eSeestern\u201c Gro\u00dfkoschen<\/li>\n<\/ul>\n<p><strong>1998<\/strong><\/p>\n<ul>\n<li>ALV-Pr\u00fcfungen<\/li>\n<li>Gr\u00fcndung des Vororchesters im Trainingslager im August, SLH T\u00e4ubertsm\u00fchle<\/li>\n<li>6.12. Gr\u00fcndung der AkkorDIEn HARMONIEsts zum Jahreskonzert im BASF Kulturhaus<\/li>\n<\/ul>\n<p><strong>1999<\/strong><\/p>\n<ul>\n<li>Akkordeonmobiltag<\/li>\n<li>ALV-Pr\u00fcfungen<\/li>\n<li>Trainingslager J\u00fcngere Klingenthal, JH Aschberg<\/li>\n<li>Orchesterreise nach Tschechien, Cerny Dul<\/li>\n<\/ul>\n<p><strong>2000<\/strong><\/p>\n<ul>\n<li>5 Jahre Musikschule Fr\u00f6hlich Grit Kahle<\/li>\n<li>Jahreskonzerte Saal der Gastst\u00e4tte \u201eZur Linde\u201c Hohenbocka<\/li>\n<li>Musicalfahrt \u201ePhantom der Oper\u201c Ostertage in Hamburg<\/li>\n<li>Akkordeonmobiltag<\/li>\n<\/ul>\n<p><strong>2001<\/strong><\/p>\n<ul>\n<li>erste Jahreskonzerte im Sch\u00fctzenhaus Ruhland, anschlie\u00dfend j\u00e4hrlich bis 2020<\/li>\n<li>AH \u201eVerleihung des Goldenen AkkorTHEOn\u201c<\/li>\n<li>ALV-Pr\u00fcfungen<\/li>\n<li>erster Oldieausflug zur Felsenb\u00fchne Rathen<\/li>\n<li>Trainingslager J\u00fcngere SLH Gr\u00fcngr\u00e4bchen<\/li>\n<li>Trainingslager Klingenthal, JH Aschberg<\/li>\n<li>Orchesterreise nach Tschechien, Cerny Dul<\/li>\n<\/ul>\n<p><strong>2002<\/strong><\/p>\n<ul>\n<li>Jahreskonzert \u201eTabaluga\u201c<\/li>\n<li>Trainingslager im SLH Gr\u00fcngr\u00e4bchen<\/li>\n<li>Trainingslager der J\u00fcngeren im SLH Schwarzkollm<\/li>\n<li>ALV-Pr\u00fcfungen<\/li>\n<li>Orchesterreise nach Tschechien, Horni Marsov<\/li>\n<li>erstes Kirchenkonzert in Hosena, Spendensammlung f\u00fcr die Opfer der Flutkatastrophen<\/li>\n<li>5 Jahre Erwachsenengruppe Oldies<\/li>\n<\/ul>\n<p><strong>2003<\/strong><\/p>\n<ul>\n<li>Trainingslager im Landhaus Gr\u00f6den<\/li>\n<li>Orchesterreise nach Tschechien, Herlikovice<\/li>\n<li>Trainingslager der J\u00fcngeren im SLH Schwarzkollm<\/li>\n<\/ul>\n<p><strong>2004<\/strong><\/p>\n<ul>\n<li>Pfingsttreffen der Oldiegruppen in Vrchlabi\/ Herlikovice Pension Kozel<\/li>\n<li>TL im Landhaus Gr\u00f6den<\/li>\n<li>Orchesterreise auf die Insel Usedom<\/li>\n<li>Tabaluga im Amphitheater Gro\u00dfkoschen<\/li>\n<\/ul>\n<p><strong>2005<\/strong><\/p>\n<ul>\n<li>Jahreskonzert der AH \u201e10 Jahre Musikschule Fr\u00f6hlich und 6 Jahre AkkorDIEn HARMONIEsts \u201c<\/li>\n<li>10 Jahre Musikschule Fr\u00f6hlich Grit Kahle, Merlin`s Wunderland Dresden<\/li>\n<li>Trainingslager SLH Schwarzkollm<\/li>\n<li>TL der J\u00fcngeren in Klingenthal, JH Aschberg<\/li>\n<li>ALV-Pr\u00fcfungen<\/li>\n<li>Musicalfahrt \u201eK\u00f6nig der L\u00f6wen\u201c, Ostertage in Hamburg, L\u00fcbeck<\/li>\n<li>Oldietreffen der Erwachsenengruppen in Horni Marsov Pension Svaty Hubert<\/li>\n<li>Orchestertage auf dem \u201eLandhof Drochow\u201c<\/li>\n<li>&#8220;Theo Schwabes Rumpelkammer&#8221; im Amphitheater Gro\u00dfkoschen<\/li>\n<\/ul>\n<p><strong>2006<\/strong><\/p>\n<ul>\n<li>Trainingslager J\u00fcngere SLH Schwarzkollm<\/li>\n<li>Trainingslager im SLH \u201eS\u00fcdsee\u201c Niemtsch<\/li>\n<li>ALV-Pr\u00fcfungen<\/li>\n<li>Akkordeonmobiltag<\/li>\n<\/ul>\n<p><strong>2007<\/strong><\/p>\n<ul>\n<li>Jahreskonzert der AH \u201eTheo auf den Spuren der Juke-Box \u201c<\/li>\n<li>Jahreskonzert Fortissimos mit \u201eFuntitel\u201c<\/li>\n<li>Gr\u00fcndung der FORTISSIMOS zum Jahreskonzert im Sch\u00fctzenhaus Ruhland<\/li>\n<li>Trainingslager im SLH Schwarzkollm<\/li>\n<li>Orchesterreise nach Amerika, Florida, Konzert Tabaluga<\/li>\n<li>Trainingslager im SLH \u201eAltes Wehr\u201c Senftenberger See<\/li>\n<li>10 Jahre Erwachsenengruppe Oldies Hohenbocka, Gr\u00fcndung Oldies Hosena<\/li>\n<li>ALV-Pr\u00fcfungen<\/li>\n<\/ul>\n<p><strong>2008<\/strong><\/p>\n<ul>\n<li>Musicalfahrt \u201eStarlight Express\u201c Ostertage in der Musikschule Fr\u00f6hlich- Zentrale, Solingen und Bochum, Konzerte im Uni-Klinikum Solingen und Moviepark Germany Bottrop<\/li>\n<li>ALV-Pr\u00fcfungen<\/li>\n<li>Leipzig Zukunftstag mit Frank Wilde<\/li>\n<li>Akkordeonmobiltag<\/li>\n<li>Orchesterreise nach Tschechien, Vrchlabi, Herlikovice<\/li>\n<li>Trainingslager J\u00fcngere Klingenthal, JH Aschberg<\/li>\n<\/ul>\n<p><strong>2009<\/strong><\/p>\n<ul>\n<li>Jahreskonzert der AH DIE CHARTSHOW\u00a0 \u201cClaus`Hitparade-10 Jahre AkkorDIEn HARMONIEsts\u201c<\/li>\n<li>Jahreskonzert der FORTISSIMOS \u201eMusikalische Safari\u201c<\/li>\n<li>\u201eTabaluga\u201c an der F60<\/li>\n<li>Muttertagskonzert<\/li>\n<li>Orchesterreise nach Schweden<\/li>\n<li>Trainingslager der J\u00fcngsten Burg Hohnstein<\/li>\n<\/ul>\n<p><strong>2010<\/strong><\/p>\n<ul>\n<li>Jahreskonzert der AH \u201eLe Grand Prix de l Akkordeon!<\/li>\n<li>Jahreskonzert der Fortissimos und MusiSCH\u00c4TZLE\u00a0 \u201eFORTISSIMOS goes Pop \u201c<\/li>\n<li>Fr\u00fchlingsstrau\u00df in der Kirche Bernsdorf<\/li>\n<li>ALV-Pr\u00fcfungen<\/li>\n<li>Konzert in der Energiefabrik Knappenrode<\/li>\n<li>15 Jahre Musikschule Fr\u00f6hlich Grit Kahle<\/li>\n<li>Orchesterreise nach Italien, Golf von Sorrent, Neapel<\/li>\n<li>Trainingslager J\u00fcngere Trebendorf Reinert Ranch<\/li>\n<li>Weihnachtskonzert in der Kirche Lauta<\/li>\n<\/ul>\n<p><strong>2011<\/strong><\/p>\n<ul>\n<li>Jahreskonzert der AH \u201ePizza, Pasta und Verbrechen\u201c<\/li>\n<li>Jahreskonzert der FORTISSIMOS und MusiSCH\u00c4TZLE \u201eWunschbriefkasten \u201c<\/li>\n<li>Trainingswochenende der AH<\/li>\n<li>Fr\u00fchlingskonzert Kirche Kroppen<\/li>\n<li>Orchestertage AH, Themen-Campingplatz Ortrand<\/li>\n<li>Trainingslager Trebendorf Fortissimos Reinert Ranch<\/li>\n<li>Trainingslager J\u00fcngere Klingenthal, JH Aschberg<\/li>\n<li>Herbstkonzert in der Kirche Bernsdorf<\/li>\n<\/ul>\n<p><strong>2012<\/strong><\/p>\n<ul>\n<li>Trainingswochenende der AH<\/li>\n<li>Jahreskonzert der AH \u201eEIN TAG HINTER DEN KULISSEN mit Helene Angler und Florian Goldkupfer\u201c<\/li>\n<li>Jahreskonzert der FORTISSIMOS und MusiSCH\u00c4TZLE \u201eIm Wilden Westen\u201c<\/li>\n<li>Orchesterreise nach Amerika, Westk\u00fcste, San Franzisco, Las Vegas, Los Angeles<\/li>\n<li>Muttertagskonzert<\/li>\n<li>Trainingslager Fortissimos im Landhaus Gr\u00f6den<\/li>\n<li>5- und 15 Jahre MusiSCH\u00c4TZLE Treffen im Zirkelsteinressort S\u00e4chsische Schweiz<\/li>\n<li>Trainingslager der J\u00fcngeren im Landhaus Gr\u00f6den<\/li>\n<li>Herbstkonzert in der Johanneskirche Bernsdorf<\/li>\n<\/ul>\n<p><strong>2013<\/strong><\/p>\n<ul>\n<li>Trainingswochenende der AH<\/li>\n<li>Jahreskonzert der AH geplant \u201eKamera l\u00e4uft und \u2026 Action!\u201c, ersetzt durch Ehrenkonzert f\u00fcr Diana<\/li>\n<li>Jahreskonzert Fortissimos und MusiSCH\u00c4TZLE \u201eMusikalische Weltreise\u201c<\/li>\n<li>ALV-Pr\u00fcfungen<\/li>\n<li>Seenlandfestspiele, Konzert 40 Jahre Senftenberger See<\/li>\n<li>Orchesterreise an die Polnische Ostsee, Kolberg, Lazy<\/li>\n<li>Trainingslager J\u00fcngere im KIEZ Sebnitz<\/li>\n<\/ul>\n<p><strong>2014<\/strong><\/p>\n<ul>\n<li>Trainingswochenende der AH<\/li>\n<li>Jahreskonzert der AH \u201eIn der Videothek- Musik und Aktion mit dem Akkordeon\u201c<\/li>\n<li>Jahreskonzert Fortissimos und MusiSCH\u00c4TZLE \u201eOn tour an der Polnischen Ostsee\u201c<\/li>\n<li>erstes AktivWochenende im Sportpark Rabenberg<\/li>\n<li>Orchesterreise nach Kroatien, Insel Krk<\/li>\n<li>Sommerstrau\u00df Kirche Kroppen<\/li>\n<li>Trainingslager J\u00fcngere im Landhaus Gr\u00f6den<\/li>\n<li>Trainingslager Fortissimos im Landhaus Gr\u00f6den<\/li>\n<\/ul>\n<p><strong>2015<\/strong><\/p>\n<ul>\n<li>Trainingswochenende der AH<\/li>\n<li>20 Jahre Musikschule Fr\u00f6hlich Grit Kahle, Kaiserkrone Brieske<\/li>\n<li>Jahreskonzert der AH \u201e20 Jahre- Happy birthday- happy music- (k)eine Geburtstagsparty\u201c<\/li>\n<li>Jahreskonzert der Fortissimos und MusiSCH\u00c4TZLE \u201e Theo und Toffel auf Orchesterreise in Kroatien\u201c<\/li>\n<li>ALV-Pr\u00fcfungen<\/li>\n<li>AktivWochenende Sportpark Rabenberg<\/li>\n<li>Muttertagskonzert<\/li>\n<li>Orchesterreise nach Irland, Rundreise<\/li>\n<li>Trainingslager J\u00fcngere in Glash\u00fctte, bei K\u00f6ris<\/li>\n<\/ul>\n<p><strong>2016<\/strong><\/p>\n<ul>\n<li>Trainingswochenende AH<\/li>\n<li>Jahreskonzert der AH \u201eTheo- unterwegs im Zauberland\u201c<\/li>\n<li>Jahreskonzert Fortissimos und MusiSCH\u00c4TZLE \u201eOn tour in Irland\u201c<\/li>\n<li>Jahreskonzert J\u00fcngere \u201eZu Besuch beim Glasm\u00e4nnlein KLING\u201c<\/li>\n<li>AktivWochenende Sportpark Rabenberg<\/li>\n<li>Orchesterreise nach Tschechien, Vrchlabi, Herlikovice<\/li>\n<li>Trainingslager J\u00fcngere in Bahratal, S\u00e4chs. Schweiz<\/li>\n<\/ul>\n<p><strong>2017<\/strong><\/p>\n<ul>\n<li>Trainingswochenende der AH<\/li>\n<li>Jahreskonzert der AH \u201eSchiff ahoi! Theo auf gro\u00dfer Tour\u201c<\/li>\n<li>Jahreskonzert Fortissimos und MusiSCH\u00c4TZLE \u201eMelodien des Grand Prix\u201c<\/li>\n<li>Jahreskonzert J\u00fcngere: \u201eTheo und Toffel zu Besuch im Spukschloss Bahratal\u201c<\/li>\n<li>AktivWochenende Sportpark Rabenberg<\/li>\n<li>10-und 20 Jahre MusiSCH\u00c4TZLE, Pfingsttreffen im AHORN-Hotel Friedrichroda<\/li>\n<li>Orchesterreise auf die Insel Sylt, Nordsee<\/li>\n<li>Trainingslager Landhaus Gr\u00f6den<\/li>\n<li>ALV-Pr\u00fcfungen<\/li>\n<\/ul>\n<p><strong>2018<\/strong><\/p>\n<ul>\n<li>Trainingswochenende der AH<\/li>\n<li>Jahreskonzert AH \u201eEin Fall f\u00fcr Zwei- Theo und Mimi auf musikalischer Spurensuche\u201c<\/li>\n<li>Jahreskonzert Fortissimos und MusiSCH\u00c4TZLE ,,On Tour Orchesterreise nach Sylt\u201c<\/li>\n<li>Jahreskonzert J\u00fcngere mit \u201eZirkus, Zauber und Musik\u201c<\/li>\n<li>20 Jahre AH &#8211; Tanzabend Orchesterwochenende in Raddusch<\/li>\n<li>Jahreskonzert<\/li>\n<li>AktivWochenende Sportpark Rabenberg<\/li>\n<li>Trainingslager J\u00fcngere in Neschwitz, Bautzen<\/li>\n<li>Fr\u00fchlingsstrau\u00df in der Kirche Kroppen<\/li>\n<li>ALV-Pr\u00fcfungen<\/li>\n<li>Orchesterreise \u201e20 Jahre AkkorDIEn HARMONIEsts\u201c Wien, Bratislava, Budapest<\/li>\n<\/ul>\n<p><strong>2019<\/strong><\/p>\n<ul>\n<li>Trainingswochenende der AH<\/li>\n<li>Jahreskonzert: Erster Tanzabend der AkkorDIEn HARMONIEsts<\/li>\n<li>Jahreskonzert Fortissimos und MusiSCH\u00c4TZLE \u201eOn tour in Wien-Bratislava-Budapest\u201c<\/li>\n<li>AktivWochenende Sportpark Rabenberg<\/li>\n<li>Orchesterreise nach Kopenhagen<\/li>\n<li>Harmonika Gaudi, Schneeberg, Akkordeonorchestertreffen<\/li>\n<li>Trainingslager J\u00fcngere im KIEZ Gr\u00fcnheide, Klingenthal<\/li>\n<\/ul>\n<p><strong>2020<\/strong><\/p>\n<ul>\n<li>25 Jahre Musikschule Fr\u00f6hlich Grit Kahle<\/li>\n<li>Geplant Jahreskonzert AH \u201eMusikalische Europareise&#8221;, Fortissimos und MusiSCH\u00c4TZLe \u201eOrchesterfahrt Kopenhagen\u201c als erste Konzertveranstalter in gro\u00dfer Verantwortung abgesagt<\/li>\n<li>Musikalisches Picknick auf dem Multikulturellen Platz ,,Alte Lade\u201c Hohenbocka<\/li>\n<\/ul>\n<p><strong>2021<\/strong><\/p>\n<ul>\n<li>Orchestertage im Landhaus Gr\u00f6den<\/li>\n<li>AktivWochenende Sportpark Rabenberg<\/li>\n<li>Trainingslager der J\u00fcngeren im Landhaus Gr\u00f6den<\/li>\n<\/ul>\n<p><strong>2022<\/strong><\/p>\n<ul>\n<li>AktivWochenende Sportpark Rabenberg<\/li>\n<li>15- und 25 Jahre MusiSCH\u00c4TZLE, Pfingsttreffen im Erzgebirge, Hotel Wettin<\/li>\n<li>Orchestertage im KIEZ Sebnitz<\/li>\n<li>Trainingslager der J\u00fcngeren im SLH Gr\u00fcngr\u00e4bchen<\/li>\n<\/ul>\n<p><strong>2023<\/strong><\/p>\n<ul>\n<li>Trainingswochenende im Landhaus Gr\u00f6den<\/li>\n<li>erstes Jahreskonzert im Kulturhaus Lauchhammer \u201eRadio AH \u2013 Akkordeon-Hits der AkkorDIEn HARMONIEsts\u201c<\/li>\n<li>Jahreskonzert Fortissimos und MusiSCH\u00c4TZLE \u201eHarrachov hills\u201c<\/li>\n<li>AktivWochenende Sportpark Rabenberg<\/li>\n<li>\u201e50 Jahre Senftenberger See\u201c Konzert im Rahmen des Festprogrammes<\/li>\n<li>Konzert an der Energiefabrik Knappenrode<\/li>\n<li>Orchesterreise nach Tschechien, Harrachov<\/li>\n<li>Akkordeonmobiltag<\/li>\n<li>Trainingslager J\u00fcngere in Bahratal, S\u00e4chs. Schweiz<\/li>\n<\/ul>\n<p><strong>2024<\/strong><\/p>\n<ul>\n<li>Jahreskonzert im Kulturhaus Lauchhammer \u201e30 Jahre an einem Tag- Grand Prix de l`accord\u00e9on\u201c- Melodien, die verbinden&#8221;<\/li>\n<li>30 Jahre Musikschule Fr\u00f6hlich Grit Kahle<\/li>\n<li>Jahreskonzert Fortissimos und MusiSCH\u00c4TZLE: \u201eOn tour im Riesengebirge\u201c<\/li>\n<li>1.Mai: 25 Jahre AkkorDIEn HARMONIEsts, Konzertbesuch in der Dresdener Staatsoperette ,,Internationale Akkordeonale\u201c<\/li>\n<li>AktivWochenende Sportpark Rabenberg<\/li>\n<li>Orchesterreise nach Tschechien, Velka Upa<\/li>\n<li>Trainingslager J\u00fcngere in Neschwitz, Bautzen<\/li>\n<\/ul>\n<p><strong>2025<\/strong><\/p>\n<ul>\n<li>30 Jahre Unterricht in der Musikschule Fr\u00f6hlich Grit Kahle<\/li>\n<li>Trainingswochenende im Landhaus Gr\u00f6den<\/li>\n<li>20 Jahre Landhaus Gr\u00f6den &#8211; Wir gratulieren<\/li>\n<li>11. Aktivwochenende im Sportpark Rabenberg<\/li>\n<li>Gr\u00fcnewalder Lauch Strandhaus, &#8220;\u00dcber den Atlantik&#8221; Vortrag und Unterst\u00fctzung des Spielplatzbau- Fonds<\/li>\n<li>Jugendweihe Benito &#8211; Wir gratulieren<\/li>\n<li>800 Jahre Wiednitz, musikalischer Blumenstrau\u00df der MusiSCH\u00c4TZLE<\/li>\n<li>Akkordeonmobiltag im Haus der Begegnung Schwarzheid<\/li>\n<li>Auftritt zu 112 Jahre Feuerwehr Annah\u00fctte<\/li>\n<li>Orchesterreise in das Tschechische Riesengebirge, Horni Marsov, Pension Svaty Hubert<\/li>\n<li>Sommermusik der Orchester in Hermsdorf bei Familie K\u00f6ckritz<\/li>\n<li>Sommermusik der MusiSCH\u00c4TZLE bei Familie Scheindel in Lauchhammer<\/li>\n<li>Pflegeheim Wiednitz, Sommerfest<\/li>\n<li>TL der J\u00fcngsten im Landhaus Gr\u00f6den &#8220;Zauber, Zirkus und Musik&#8221;<\/li>\n<li>ALVpr\u00fcfungen<\/li>\n<li>Genusstour- Ausflug der MusiSCH\u00c4TZLE nach Halle<\/li>\n<\/ul>\n<p><strong>J\u00e4hrliche schon traditionelle Termine:<\/strong><\/p>\n<ul>\n<li>Offene Probe vor der unterrichtsfreien Zeit im Sommer, mit Zaunpublikum<\/li>\n<li>Herbstkonzerte in den Kirchen Hosena, Bernsdorf und seit 2013 Nikolaikirche Lauchhammer<\/li>\n<li>Schlosskonzerte im Wasserschloss Gro\u00dfkmehlen<\/li>\n<li>Weihnachtskonzerte in der Lutherkirche Schwarzheide<\/li>\n<li>Orchesterpartys, Trainingswochenenden im Januar und Juli<\/li>\n<li>Auftritte zu Jugendweihen, Feiern, Konfirmationen, den Hochzeiten unserer Orchestermitglieder<\/li>\n<li>Schuleingangsfeiern<\/li>\n<\/ul>\n<p>Sehr wertsch\u00e4tzende Gastgeber unserer vielseitigen Auftritte: Peickwitzer H\u00fctte, Volkssolidarit\u00e4ten, Parkfest Biehlen, Kinderfest Lipsa, Stadt Schwarzheide, Wasserturmfest Schwarzheide, Stadt- und Amtsverwaltung Ortrand, Guteborner Kinder- und Fischerfest, verschiedene Dorffeste, Turmfest Sella, \u2026\u2026\u2026\u2026.<br \/>\n<strong>Im Sch\u00fcler-\/ Betriebspraktikum betreute ich in den Jahren:<\/strong><br \/>\nSandra, Kathrin, Marie, Theres, Max, Paul, Julia B., Sven, Magdalena, Hannes, Carolin, Ute, Anne G., Anne S., Julia S., Carolin, Nicole, Stephanie<\/p>\n","protected":false},"excerpt":{"rendered":"<p>1995\/ 1996 zu Besuch bei den Konzerten der 1. Harmonika Big Band, Ltg. Josef Retter erster gro\u00dfer Auftritt in der Lausitzhalle Hoyerswerda als Melodika- und Akkordeonsch\u00fcler erste Trainingslager in der JH K\u00f6then und SLH T\u00e4ubertsm\u00fchle Jahreskonzert im BASF Kulturhaus Schwarzheide &hellip; <a href=\"http:\/\/mistifly.bplaced.net\/wordpress\/orchester-chronik\/\">Continue reading <span class=\"meta-nav\">&rarr;<\/span><\/a><\/p>\n","protected":false},"author":2,"featured_media":0,"parent":0,"menu_order":0,"comment_status":"closed","ping_status":"closed","template":"","meta":{"footnotes":""},"class_list":["post-1991","page","type-page","status-publish","hentry"],"_links":{"self":[{"href":"http:\/\/mistifly.bplaced.net\/wordpress\/wp-json\/wp\/v2\/pages\/1991","targetHints":{"allow":["GET"]}}],"collection":[{"href":"http:\/\/mistifly.bplaced.net\/wordpress\/wp-json\/wp\/v2\/pages"}],"about":[{"href":"http:\/\/mistifly.bplaced.net\/wordpress\/wp-json\/wp\/v2\/types\/page"}],"author":[{"embeddable":true,"href":"http:\/\/mistifly.bplaced.net\/wordpress\/wp-json\/wp\/v2\/users\/2"}],"replies":[{"embeddable":true,"href":"http:\/\/mistifly.bplaced.net\/wordpress\/wp-json\/wp\/v2\/comments?post=1991"}],"version-history":[{"count":26,"href":"http:\/\/mistifly.bplaced.net\/wordpress\/wp-json\/wp\/v2\/pages\/1991\/revisions"}],"predecessor-version":[{"id":2462,"href":"http:\/\/mistifly.bplaced.net\/wordpress\/wp-json\/wp\/v2\/pages\/1991\/revisions\/2462"}],"wp:attachment":[{"href":"http:\/\/mistifly.bplaced.net\/wordpress\/wp-json\/wp\/v2\/media?parent=1991"}],"curies":[{"name":"wp","href":"https:\/\/api.w.org\/{rel}","templated":true}]}}