{"id":2174,"date":"2025-09-03T15:46:35","date_gmt":"2025-09-03T13:46:35","guid":{"rendered":"http:\/\/mistifly.bplaced.net\/wordpress\/?page_id=2174"},"modified":"2025-09-03T15:46:35","modified_gmt":"2025-09-03T13:46:35","slug":"liebe-schuelerinnen-und-schueler-sehr-geehrte-eltern-liebe-familien-werte-partner-und-unterstuetzer","status":"publish","type":"page","link":"http:\/\/mistifly.bplaced.net\/wordpress\/liebe-schuelerinnen-und-schueler-sehr-geehrte-eltern-liebe-familien-werte-partner-und-unterstuetzer\/","title":{"rendered":"Liebe Sch\u00fclerinnen und Sch\u00fcler, sehr geehrte Eltern, liebe Familien, werte Partner und Unterst\u00fctzer,"},"content":{"rendered":"<p>vor genau 31 Jahren unterschrieb ich meinen Franchisevertrag mit der Musikschule Fr\u00f6hlich.<br \/>\nMit vielen Zielen startete ich in eine selbst bestimmte Zukunft. Seit dem 08.01.1995 -30 Jahre- unterrichte ich in den verschiedenen Kursen der Musikschule Fr\u00f6hlich. Viele Menschen habe ich musikalisch begleiten d\u00fcrfen, von &#8220;Klein&#8221; zu &#8220;Gro\u00df&#8221;.<br \/>\nAls mehrfache Musikschul&#8221;oma&#8221; unterrichte ich nun auch die zweite Generation.<br \/>\nDank der Unterst\u00fctzung der B\u00fcrgermeister und Schulleiter konnte ich den Kindern, Jugendlichen und auch Erwachsenen das Musizieren im Heimatort erm\u00f6glichen.<br \/>\nMit ihnen haben wir gro\u00dfe Ziele umgesetzt, 1998 ein regionales Jugend- Akkordeonorchester, im Lausitzer Seenland, gegr\u00fcndet und die Welt bereist. In Tschechien, Schweden, Irland, Polen, Amerika, Italien, \u00d6sterreich, der Slowakei, Kroatien und Ungarn haben wir uns pr\u00e4sentiert. Auch Ostsee- und Nordseek\u00fcste wurden bereist. Und immer wieder gern in unserer Heimat Konzerte veranstaltet.<br \/>\nBei so vielen Konzerten, Auftritten, Trainingslagern, ein wunderbarer Zusammenhalt.<br \/>\nFreundschaften, Hochzeiten, gegenseitige Wertsch\u00e4tzung.<br \/>\nDie Zahl &#8220;3&#8221; begleitet mich.<br \/>\nMehr als 30 meiner Sch\u00fcler und Sch\u00fclerinnen studierten das &#8220;Lehramt&#8221; bzw. lie\u00dfen und lassen sich in sozialen Berufen ausbilden.<br \/>\n3 meiner ehemaligen \u201eKleinen\u201c sind heute selbst Lehrer der Musikschule Fr\u00f6hlich und in der Region t\u00e4tig.<br \/>\n3 meiner Sch\u00fcler verabschiedete ich auf ihrem letzten Weg.<br \/>\nDas 3-Gestirn ,,Elternhaus-Schule-Kind&#8221;.<br \/>\nMeine 3 starken &#8220;Jungs&#8221;, die jederzeit zu mir stehen. Meine Eltern und meine Schwester, die mit Vorbild und Unterst\u00fctzung mich best\u00e4rkten, diesen Weg zu gehen.<br \/>\nIch bin stolz auf das Erreichte, dies aus gemeinsamer Arbeit Geschaffte.<br \/>\nBesonderer Dank allen Eltern, die dies ihren Kindern erm\u00f6glichen. Sie f\u00f6rdern und fordern.<\/p>\n<p>Ein besonderer Dank an Dr. Dieter Fr\u00f6hlich, der mich &#8220;jungen H\u00fcpfer&#8221; 1994 in die Fr\u00f6hlich Familie aufnahm und immer mit Rat und Tat zur Seite stand.<\/p>\n<p>Gern \u201est\u00f6bern\u201c Sie in unserer Chronik, die weiter wachsen wird und die wir mit Stolz \u201eUnser\u201c nennen.<\/p>\n<p>Allen alles Gute und beste Gesundheit.<\/p>\n<p>Mit freundlichen Gr\u00fc\u00dfen<br \/>\nGrit Kahle<\/p>\n","protected":false},"excerpt":{"rendered":"<p>vor genau 31 Jahren unterschrieb ich meinen Franchisevertrag mit der Musikschule Fr\u00f6hlich. Mit vielen Zielen startete ich in eine selbst bestimmte Zukunft. Seit dem 08.01.1995 -30 Jahre- unterrichte ich in den verschiedenen Kursen der Musikschule Fr\u00f6hlich. Viele Menschen habe ich &hellip; <a href=\"http:\/\/mistifly.bplaced.net\/wordpress\/liebe-schuelerinnen-und-schueler-sehr-geehrte-eltern-liebe-familien-werte-partner-und-unterstuetzer\/\">Continue reading <span class=\"meta-nav\">&rarr;<\/span><\/a><\/p>\n","protected":false},"author":2,"featured_media":0,"parent":0,"menu_order":0,"comment_status":"closed","ping_status":"closed","template":"","meta":{"footnotes":""},"class_list":["post-2174","page","type-page","status-publish","hentry"],"_links":{"self":[{"href":"http:\/\/mistifly.bplaced.net\/wordpress\/wp-json\/wp\/v2\/pages\/2174","targetHints":{"allow":["GET"]}}],"collection":[{"href":"http:\/\/mistifly.bplaced.net\/wordpress\/wp-json\/wp\/v2\/pages"}],"about":[{"href":"http:\/\/mistifly.bplaced.net\/wordpress\/wp-json\/wp\/v2\/types\/page"}],"author":[{"embeddable":true,"href":"http:\/\/mistifly.bplaced.net\/wordpress\/wp-json\/wp\/v2\/users\/2"}],"replies":[{"embeddable":true,"href":"http:\/\/mistifly.bplaced.net\/wordpress\/wp-json\/wp\/v2\/comments?post=2174"}],"version-history":[{"count":2,"href":"http:\/\/mistifly.bplaced.net\/wordpress\/wp-json\/wp\/v2\/pages\/2174\/revisions"}],"predecessor-version":[{"id":2176,"href":"http:\/\/mistifly.bplaced.net\/wordpress\/wp-json\/wp\/v2\/pages\/2174\/revisions\/2176"}],"wp:attachment":[{"href":"http:\/\/mistifly.bplaced.net\/wordpress\/wp-json\/wp\/v2\/media?parent=2174"}],"curies":[{"name":"wp","href":"https:\/\/api.w.org\/{rel}","templated":true}]}}