{"id":48,"date":"2014-02-22T15:38:20","date_gmt":"2014-02-22T13:38:20","guid":{"rendered":"http:\/\/mistifly.bplaced.net\/wordpress\/?page_id=48"},"modified":"2026-04-13T16:01:57","modified_gmt":"2026-04-13T14:01:57","slug":"proben","status":"publish","type":"page","link":"http:\/\/mistifly.bplaced.net\/wordpress\/termine\/proben\/","title":{"rendered":"Proben"},"content":{"rendered":"<div style=\"text-align: left;\">\n<table style=\"width: 594px; height: 434px;\" border=\"0\" cellspacing=\"1\" cellpadding=\"1\" align=\"left\">\n<tbody>\n<tr>\n<td><span style=\"font-size: medium;\"><span style=\"font-size: medium;\"><span style=\"font-family: Arial;\">08.01.26<br \/>\n<\/span><\/span><\/span><\/td>\n<td><span style=\"font-family: Arial;\"><span style=\"font-size: medium;\">F 17.30-19.30 (Achtung: DONNERSTAG)<br \/>\n<\/span><\/span><\/td>\n<\/tr>\n<tr>\n<td><span style=\"font-size: medium;\"><span style=\"font-size: medium;\"><span style=\"font-family: Arial;\">16.-18.01.26<br \/>\n<\/span><\/span><\/span><\/td>\n<td><span style=\"font-family: Arial;\"><span style=\"font-size: medium;\">Trainingswochenende AH im Landhaus Gr\u00f6den<br \/>\n<\/span><\/span><\/td>\n<\/tr>\n<tr>\n<td><span style=\"font-size: medium;\"><span style=\"font-size: medium;\"><span style=\"font-family: Arial;\">23.01.26<\/span><\/span><\/span><\/td>\n<td><span style=\"font-family: Arial;\"><span style=\"font-size: medium;\">F + AH, Raum wird noch bekannt gegeben<\/span><\/span><\/td>\n<\/tr>\n<tr>\n<td><span style=\"font-size: medium;\"><span style=\"font-size: medium;\"><span style=\"font-family: Arial;\">28.01.26<\/span><\/span><\/span><\/td>\n<td><span style=\"font-family: Arial;\"><span style=\"font-size: medium;\">16.00-18.30 JK-Probe J\u00fcngste +MusiSCH\u00c4TZLE<\/span><\/span><\/td>\n<\/tr>\n<tr>\n<td><span style=\"font-size: medium;\"><span style=\"font-size: medium;\"><span style=\"font-family: Arial;\">13.02.26 <\/span><\/span><\/span><\/td>\n<td><span style=\"font-family: Arial;\"><span style=\"font-size: medium;\">F + AH<br \/>\n<\/span><\/span><\/td>\n<\/tr>\n<tr>\n<td><span style=\"font-size: medium;\"><span style=\"font-size: medium;\"><span style=\"font-family: Arial;\">27.02.26<\/span><\/span><\/span><\/td>\n<td><span style=\"font-family: Arial;\"><span style=\"font-size: medium;\">F + AH im B\u00fcrgerhaus Schwarzheide<\/span><\/span><\/td>\n<\/tr>\n<tr>\n<td><span style=\"font-size: medium;\"><span style=\"font-size: medium;\"><span style=\"font-family: Arial;\">13.03.26<\/span><\/span><\/span><\/td>\n<td><span style=\"font-family: Arial;\"><span style=\"font-size: medium;\">16.00 JK-Probe J\u00fcngste<br \/>\n17.45 FORTISSIMOS, 19.30 AH<br \/>\n<\/span><\/span><\/td>\n<\/tr>\n<tr>\n<td><span style=\"font-size: medium;\"><span style=\"font-size: medium;\"><span style=\"font-family: Arial;\">20.03.26<\/span><\/span><\/span><\/td>\n<td><span style=\"font-family: Arial;\"><span style=\"font-size: medium;\">F + AH <\/span><\/span><\/td>\n<\/tr>\n<tr>\n<td><span style=\"font-size: medium;\"><span style=\"font-size: medium;\"><span style=\"font-family: Arial;\">16.\/17.04.26<br \/>\n<\/span><\/span><\/span><\/td>\n<td><span style=\"font-family: Arial;\"><span style=\"font-size: medium;\">Generalproben JK<\/span><\/span><\/td>\n<\/tr>\n<tr>\n<td><span style=\"font-size: medium;\"><span style=\"font-size: medium;\"><span style=\"font-family: Arial;\">24.04.26<br \/>\n<\/span><\/span><\/span><\/td>\n<td><span style=\"font-family: Arial;\"><span style=\"font-size: medium;\">Orchesterparty<\/span><\/span><\/td>\n<\/tr>\n<tr>\n<td><span style=\"font-size: medium;\"><span style=\"font-size: medium;\"><span style=\"font-family: Arial;\">08,-10.05.26<\/span><\/span><\/span><\/td>\n<td><span style=\"font-family: Arial;\"><span style=\"font-size: medium;\">AktivWE der MusiSCH\u00c4TZLE und \u00dc20 der AH<br \/>\n<\/span><\/span><\/td>\n<\/tr>\n<tr>\n<td><span style=\"font-size: medium;\"><span style=\"font-size: medium;\"><span style=\"font-family: Arial;\">29.05.26<\/span><\/span><\/span><\/td>\n<td><span style=\"font-family: Arial;\"><span style=\"font-size: medium;\">F + AH<br \/>\n<\/span><\/span><\/td>\n<\/tr>\n<tr>\n<td><span style=\"font-size: medium;\"><span style=\"font-size: medium;\"><span style=\"font-family: Arial;\">12.06.26<\/span><\/span><\/span><\/td>\n<td><span style=\"font-family: Arial;\"><span style=\"font-size: medium;\">F + AH<br \/>\n<\/span><\/span><\/td>\n<\/tr>\n<tr>\n<td><span style=\"font-size: medium;\"><span style=\"font-size: medium;\"><span style=\"font-family: Arial;\">26.06.26<\/span><\/span><\/span><\/td>\n<td><span style=\"font-family: Arial;\"><span style=\"font-size: medium;\">F + AH<br \/>\n<\/span><\/span><\/td>\n<\/tr>\n<tr>\n<td><span style=\"font-size: medium;\"><span style=\"font-size: medium;\"><span style=\"font-family: Arial;\">03.07.26<\/span><\/span><\/span><\/td>\n<td><span style=\"font-family: Arial;\"><span style=\"font-size: medium;\">Sommermusik, Schuljahresabschluss<br \/>\n<\/span><\/span><\/td>\n<\/tr>\n<tr>\n<td><span style=\"font-size: medium;\"><span style=\"font-size: medium;\"><span style=\"font-family: Arial;\">09.07.-15.07.26<\/span><\/span><\/span><\/td>\n<td><span style=\"font-family: Arial;\"><span style=\"font-size: medium;\">Orchesterreise<br \/>\n<\/span><\/span><\/td>\n<\/tr>\n<tr>\n<td><span style=\"font-size: medium;\"><span style=\"font-size: medium;\"><span style=\"font-family: Arial;\">31.07.26<\/span><\/span><\/span><\/td>\n<td><span style=\"font-family: Arial;\"><span style=\"font-size: medium;\">Probe zu Auftritt im Wassersportzentrum<br \/>\n<\/span><\/span><\/td>\n<\/tr>\n<tr>\n<td><span style=\"font-size: medium;\"><span style=\"font-size: medium;\"><span style=\"font-family: Arial;\">28.08.26<\/span><\/span><\/span><\/td>\n<td><span style=\"font-family: Arial;\"><span style=\"font-size: medium;\">F + AH<br \/>\n<\/span><\/span><\/td>\n<\/tr>\n<tr>\n<td><span style=\"font-size: medium;\"><span style=\"font-size: medium;\"><span style=\"font-family: Arial;\">11.09.26<\/span><\/span><\/span><\/td>\n<td><span style=\"font-family: Arial;\"><span style=\"font-size: medium;\">F + AH<br \/>\n<\/span><\/span><\/td>\n<\/tr>\n<tr>\n<td><span style=\"font-size: medium;\"><span style=\"font-size: medium;\"><span style=\"font-family: Arial;\">18.09.26<\/span><\/span><\/span><\/td>\n<td><span style=\"font-family: Arial;\"><span style=\"font-size: medium;\">F + AH<br \/>\n<\/span><\/span><\/td>\n<\/tr>\n<tr>\n<td><span style=\"font-size: medium;\"><span style=\"font-size: medium;\"><span style=\"font-family: Arial;\">25.-27.09.26 <\/span><\/span><\/span><\/td>\n<td><span style=\"font-family: Arial;\"><span style=\"font-size: medium;\">Trainingslager der J\u00fcngsten<\/span><\/span><\/td>\n<\/tr>\n<tr>\n<td><span style=\"font-size: medium;\"><span style=\"font-size: medium;\"><span style=\"font-family: Arial;\">09.10.26<\/span><\/span><\/span><\/td>\n<td><span style=\"font-family: Arial;\"><span style=\"font-size: medium;\">F + AH<br \/>\n<\/span><\/span><\/td>\n<\/tr>\n<tr>\n<td><span style=\"font-size: medium;\"><span style=\"font-size: medium;\"><span style=\"font-family: Arial;\">06.11.26<\/span><\/span><\/span><\/td>\n<td><span style=\"font-family: Arial;\"><span style=\"font-size: medium;\">F + AH<br \/>\n<\/span><\/span><\/td>\n<\/tr>\n<tr>\n<td><span style=\"font-size: medium;\"><span style=\"font-size: medium;\"><span style=\"font-family: Arial;\">20.11.26<\/span><\/span><\/span><\/td>\n<td><span style=\"font-family: Arial;\"><span style=\"font-size: medium;\">F + AH<br \/>\n<\/span><\/span><\/td>\n<\/tr>\n<tr>\n<td><span style=\"font-size: medium;\"><span style=\"font-size: medium;\"><span style=\"font-family: Arial;\">04.12.26<\/span><\/span><\/span><\/td>\n<td><span style=\"font-family: Arial;\"><span style=\"font-size: medium;\">F + AH<br \/>\n<\/span><\/span><\/td>\n<\/tr>\n<tr>\n<td><span style=\"font-size: medium;\"><span style=\"font-size: medium;\"><span style=\"font-family: Arial;\">18.12.26<\/span><\/span><\/span><\/td>\n<td><span style=\"font-family: Arial;\"><span style=\"font-size: medium;\">F + AH\u00a0WeihnachtsMITSINGprobe <\/span><\/span><\/td>\n<\/tr>\n<tr>\n<td><\/td>\n<td><\/td>\n<\/tr>\n<tr>\n<td><span style=\"font-size: medium;\"><span style=\"font-size: medium;\"><span style=\"font-family: Arial;\">15.-17.01.27<\/span><\/span><\/span><\/td>\n<td><span style=\"font-family: Arial;\"><span style=\"font-size: medium;\">Trainingswochenende Landhaus Gr\u00f6den<\/span><\/span><\/td>\n<\/tr>\n<tr>\n<td><span style=\"font-size: medium;\"><span style=\"font-size: medium;\"><span style=\"font-family: Arial;\">21.-23.05.27<\/span><\/span><\/span><\/td>\n<td><span style=\"font-family: Arial;\"><span style=\"font-size: medium;\">AKTIV stark \u00dc30 der AH und MusiSCH\u00c4TZLE<\/span><\/span><\/td>\n<\/tr>\n<tr>\n<td><span style=\"font-size: medium;\"><span style=\"font-size: medium;\"><span style=\"font-family: Arial;\">15.-17.01.27<\/span><\/span><\/span><\/td>\n<td><span style=\"font-family: Arial;\"><span style=\"font-size: medium;\">Ausflug 30 Jahre MusiSCH\u00c4TZLE<\/span><\/span><\/td>\n<\/tr>\n<tr>\n<td><span style=\"font-size: medium;\"><span style=\"font-size: medium;\"><span style=\"font-family: Arial;\">01.-08.07.27<\/span><\/span><\/span><\/td>\n<td><span style=\"font-family: Arial;\"><span style=\"font-size: medium;\">Orchesterreise<\/span><\/span><\/td>\n<\/tr>\n<\/tbody>\n<\/table>\n<\/div>\n<p>&nbsp;<\/p>\n<p>&nbsp;<\/p>\n<p>&nbsp;<\/p>\n<p>&nbsp;<\/p>\n<p>&nbsp;<\/p>\n<p>&nbsp;<\/p>\n<p>&nbsp;<\/p>\n<p>&nbsp;<\/p>\n<p>&nbsp;<\/p>\n<p>&nbsp;<\/p>\n<p>&nbsp;<\/p>\n<p>&nbsp;<\/p>\n<p>&nbsp;<\/p>\n<p>&nbsp;<\/p>\n<p>&nbsp;<\/p>\n<p>&nbsp;<\/p>\n<p>&nbsp;<\/p>\n<p>&nbsp;<\/p>\n<p>&nbsp;<\/p>\n<p>&nbsp;<\/p>\n<p>&nbsp;<\/p>\n<p>&nbsp;<\/p>\n<p>&nbsp;<\/p>\n<p>&nbsp;<\/p>\n<p>&nbsp;<\/p>\n<p>Unser Probenraum ist nun wieder: <b>Haus der Begegnung<\/b>, an der Grundschule 01945 Schwarzheide.<\/p>\n<p>F = Fortissimos, freitags von 17.30 Uhr &#8211; 19.00 Uhr<br \/>\nAH = Akkordien HARMONIEsts, freitags von 19.30 Uhr &#8211; 21.30 Uhr<\/p>\n","protected":false},"excerpt":{"rendered":"<p>08.01.26 F 17.30-19.30 (Achtung: DONNERSTAG) 16.-18.01.26 Trainingswochenende AH im Landhaus Gr\u00f6den 23.01.26 F + AH, Raum wird noch bekannt gegeben 28.01.26 16.00-18.30 JK-Probe J\u00fcngste +MusiSCH\u00c4TZLE 13.02.26 F + AH 27.02.26 F + AH im B\u00fcrgerhaus Schwarzheide 13.03.26 16.00 JK-Probe J\u00fcngste &hellip; <a href=\"http:\/\/mistifly.bplaced.net\/wordpress\/termine\/proben\/\">Continue reading <span class=\"meta-nav\">&rarr;<\/span><\/a><\/p>\n","protected":false},"author":1,"featured_media":0,"parent":9,"menu_order":1,"comment_status":"closed","ping_status":"closed","template":"","meta":{"footnotes":""},"class_list":["post-48","page","type-page","status-publish","hentry"],"_links":{"self":[{"href":"http:\/\/mistifly.bplaced.net\/wordpress\/wp-json\/wp\/v2\/pages\/48","targetHints":{"allow":["GET"]}}],"collection":[{"href":"http:\/\/mistifly.bplaced.net\/wordpress\/wp-json\/wp\/v2\/pages"}],"about":[{"href":"http:\/\/mistifly.bplaced.net\/wordpress\/wp-json\/wp\/v2\/types\/page"}],"author":[{"embeddable":true,"href":"http:\/\/mistifly.bplaced.net\/wordpress\/wp-json\/wp\/v2\/users\/1"}],"replies":[{"embeddable":true,"href":"http:\/\/mistifly.bplaced.net\/wordpress\/wp-json\/wp\/v2\/comments?post=48"}],"version-history":[{"count":143,"href":"http:\/\/mistifly.bplaced.net\/wordpress\/wp-json\/wp\/v2\/pages\/48\/revisions"}],"predecessor-version":[{"id":2535,"href":"http:\/\/mistifly.bplaced.net\/wordpress\/wp-json\/wp\/v2\/pages\/48\/revisions\/2535"}],"up":[{"embeddable":true,"href":"http:\/\/mistifly.bplaced.net\/wordpress\/wp-json\/wp\/v2\/pages\/9"}],"wp:attachment":[{"href":"http:\/\/mistifly.bplaced.net\/wordpress\/wp-json\/wp\/v2\/media?parent=48"}],"curies":[{"name":"wp","href":"https:\/\/api.w.org\/{rel}","templated":true}]}}